{"id":198,"date":"2015-10-10T14:31:42","date_gmt":"2015-10-10T13:31:42","guid":{"rendered":"http:\/\/37.187.136.167\/wordpress\/?page_id=198"},"modified":"2020-06-16T11:37:15","modified_gmt":"2020-06-16T09:37:15","slug":"unsa-iessa","status":"publish","type":"page","link":"https:\/\/iessa.news\/?page_id=198","title":{"rendered":"UNSA-IESSA"},"content":{"rendered":"<h1>UNSA-IESSA<\/h1>\n<h2>Pr\u00e9sentation<\/h2>\n<p>L\u2019UNSA-IESSA est le syndicat professionnel du corps des IESSA.<br \/>\nNous sommes profond\u00e9ment attach\u00e9s au fait que les IESSA exercent leur m\u00e9tier dans le cadre de la Fonction Publique d\u2019\u00c9tat. Cette structure nous a permis d\u2019atteindre un tr\u00e8s haut niveau de s\u00e9curit\u00e9 de nos syst\u00e8mes de contr\u00f4le. Ne s\u2019agit-il pas l\u00e0 de l\u2019une de nos missions essentielles ? Nous n\u2019avons d\u2019ailleurs rien \u00e0 envier, en la mati\u00e8re, aux pays qui ont adopt\u00e9 un autre mode de fonctionnement.<br \/>\nC\u2019est encore dans le cadre de la Fonction Publique que l\u2019UNSA-IESSA a su et saura porter les revendications l\u00e9gitimes des IESSA. C\u2019est ainsi que l\u2019UNSA-IESSA est \u00e0 l\u2019origine du passage du corps des \u00c9lectroniciens de cat\u00e9gorie B \u00e0 celui d\u2019IESSA de cat\u00e9gorie A de la Fonction Publique. L\u2019accession \u00e0 l\u2019indice 1020 en est aujourd\u2019hui une cons\u00e9quence. L\u2019UNSA-IESSA est aussi \u00e0 l\u2019origine de la cr\u00e9ation de la Prime d\u2019\u00c9volution de Qualification (PEQ), prime sp\u00e9cifique reconnaissant les efforts de formation continue li\u00e9s \u00e0 notre m\u00e9tier en constante \u00e9volution.<br \/>\nCes quelques exemples doivent nous pousser \u00e0 continuer notre action.<\/p>\n<h2>Histoire<\/h2>\n<p>En 1983 au CRNA\/Nord, certains ESA (Electroniciens de la S\u00e9curit\u00e9 A\u00e9rienne), notamment les plus jeunes r\u00e9cemment sortis de l\u2019ENAC, d\u00e9cident de se pr\u00e9senter aux \u00e9lections nationales devant l\u2019absence de repr\u00e9sentativit\u00e9 de leur corps.<br \/>\nUn nouveau d\u00e9cret nous impose alors d\u2019avoir une \u00e9tiquette syndicale pour pr\u00e9senter une liste nationale. Deux ESA (M. LAGARDE et M. ROMMENS) avaient d\u00e9pos\u00e9 les statuts d\u2019un syndicat autonome et nous les proposent pour \u00eatre candidat aux \u00e9lections.<br \/>\nNous voil\u00e0 donc syndiqu\u00e9s et \u00e0 la t\u00eate du SAPAC (Syndicat Autonome des Personnels de l\u2019Aviation Civile) avec des statuts permettant l\u2019adh\u00e9sion de l\u2019ensemble des diff\u00e9rentes cat\u00e9gories de personnels ; d\u2019ou son nom. Dans les faits seul les ESA adh\u00e8rent au SAPAC, et les statuts sont modifi\u00e9s pour devenir un syndicat d\u00e9fendant les int\u00e9r\u00eats d\u2019un seul corps.<br \/>\nAyant une (jeune) culture de CRNA c\u2019est donc vers les autres centres en route que se porte l\u2019effort de syndicalisation. Et le SAPAC h\u00e9rite de l\u2019\u00e9tiquette SAPAC = syndicat de CRNA. Le temps et la progression du SAPAC ont fait taire ce reproche. Un autre reproche nous a \u00e9t\u00e9 fait (\u00e0 juste titre d\u2019ailleurs), celui d\u2019\u00eatre cat\u00e9goriel et par cons\u00e9quent d\u2019avoir l\u2019impossibilit\u00e9 de n\u00e9gocier ou d\u2019infl\u00e9chir les dossiers dits transversaux (recrutement fonction publique, pouvoir d\u2019achat, etc.).<br \/>\nC\u2019est pourquoi nous adh\u00e9rons \u00e0 l\u2019UNSA en 1995 ce qui nous permet d\u2019en \u00eatre cofondateurs.<br \/>\nLe SAPAC devient le SAPAC-UNSA.Puis ensuite l&rsquo;UNSA-IESSA.<\/p>\n<p><a href=\"https:\/\/iessa.news\/?page_id=196\">Bureau National<\/a><br \/>\n<a href=\"https:\/\/iessa.news\/?page_id=11938\">Commission Ex\u00e9cutive<\/a><br \/>\n<a href=\"https:\/\/iessa.news\/?page_id=192\">Statut UNSA IESSA<\/a><br \/>\n<a href=\"https:\/\/iessa.news\/?page_id=12124\">Bilan &#038; Compte de r\u00e9sultat<\/a><\/p>\n","protected":false},"excerpt":{"rendered":"<p>UNSA-IESSA Pr\u00e9sentation L\u2019UNSA-IESSA est le syndicat professionnel du corps des IESSA. Nous sommes profond\u00e9ment attach\u00e9s au fait que les IESSA exercent leur m\u00e9tier dans le cadre de la Fonction Publique d\u2019\u00c9tat. Cette structure nous a permis d\u2019atteindre un tr\u00e8s haut niveau de s\u00e9curit\u00e9 de nos syst\u00e8mes de contr\u00f4le. Ne s\u2019agit-il pas l\u00e0 de l\u2019une de  [&#8230;]<\/p>\n","protected":false},"author":1,"featured_media":0,"parent":0,"menu_order":0,"comment_status":"closed","ping_status":"closed","template":"","meta":{"footnotes":""},"class_list":["post-198","page","type-page","status-publish","hentry"],"_links":{"self":[{"href":"https:\/\/iessa.news\/index.php?rest_route=\/wp\/v2\/pages\/198","targetHints":{"allow":["GET"]}}],"collection":[{"href":"https:\/\/iessa.news\/index.php?rest_route=\/wp\/v2\/pages"}],"about":[{"href":"https:\/\/iessa.news\/index.php?rest_route=\/wp\/v2\/types\/page"}],"author":[{"embeddable":true,"href":"https:\/\/iessa.news\/index.php?rest_route=\/wp\/v2\/users\/1"}],"replies":[{"embeddable":true,"href":"https:\/\/iessa.news\/index.php?rest_route=%2Fwp%2Fv2%2Fcomments&post=198"}],"version-history":[{"count":9,"href":"https:\/\/iessa.news\/index.php?rest_route=\/wp\/v2\/pages\/198\/revisions"}],"predecessor-version":[{"id":12363,"href":"https:\/\/iessa.news\/index.php?rest_route=\/wp\/v2\/pages\/198\/revisions\/12363"}],"wp:attachment":[{"href":"https:\/\/iessa.news\/index.php?rest_route=%2Fwp%2Fv2%2Fmedia&parent=198"}],"curies":[{"name":"wp","href":"https:\/\/api.w.org\/{rel}","templated":true}]}}