{"id":13656,"date":"2020-02-11T10:47:42","date_gmt":"2020-02-11T08:47:42","guid":{"rendered":"https:\/\/iessa.news\/?page_id=13656"},"modified":"2020-06-16T11:37:00","modified_gmt":"2020-06-16T09:37:00","slug":"crna-e","status":"publish","type":"page","link":"https:\/\/iessa.news\/?page_id=13656","title":{"rendered":"CRNA E"},"content":{"rendered":"<p><div class=\"fusion-fullwidth fullwidth-box fusion-builder-row-1 hundred-percent-fullwidth non-hundred-percent-height-scrolling\" style=\"--awb-border-radius-top-left:0px;--awb-border-radius-top-right:0px;--awb-border-radius-bottom-right:0px;--awb-border-radius-bottom-left:0px;--awb-overflow:visible;--awb-flex-wrap:wrap;\" ><div class=\"fusion-builder-row fusion-row\"><div class=\"fusion-layout-column fusion_builder_column fusion-builder-column-0 fusion_builder_column_1_1 1_1 fusion-one-full fusion-column-first fusion-column-last fusion-column-no-min-height\" style=\"--awb-bg-size:cover;--awb-margin-bottom:0px;\"><div class=\"fusion-column-wrapper fusion-flex-column-wrapper-legacy\"><div class=\"fusion-text fusion-text-1\"><h1>Section locale CRNA\/E<\/h1>\n<\/div>\n\n\n\n<div class=\"fusion-clearfix\"><\/div><\/div><\/div><div class=\"fusion-layout-column fusion_builder_column fusion-builder-column-1 fusion_builder_column_1_1 1_1 fusion-one-full fusion-column-first fusion-column-last fusion-column-no-min-height\" style=\"--awb-bg-size:cover;--awb-margin-bottom:0px;\"><div class=\"fusion-column-wrapper fusion-flex-column-wrapper-legacy\"><div class=\"fusion-blog-shortcode fusion-blog-shortcode-1 fusion-blog-archive fusion-blog-layout-timeline-wrapper fusion-blog-pagination fusion-blog-no-images\"><div class=\"fusion-posts-container fusion-posts-container-pagination\" data-pages=\"2\"><div class=\"fusion-timeline-icon\"><i class=\"awb-icon-bubbles\" style=\"color:#d2d2d2;\" aria-hidden=\"true\"><\/i><\/div><div class=\"fusion-blog-layout-timeline fusion-clearfix\"><div class=\"fusion-timeline-line\" style=\"border-left:1px solid #d2d2d2;border-right:1px solid #d2d2d2;\"><\/div><h3 class=\"fusion-timeline-date\" style=\"background-color:#d2d2d2;\">mai 2025<\/h3><div class=\"fusion-collapse-month\"><article id=\"blog-1-post-14733\" style=\"border-color:#d2d2d2;\" class=\"fusion-post-timeline fusion-clearfix fusion-left-column post-14733 post type-post status-publish format-standard has-post-thumbnail hentry category-crnae tag-iessa\">\n<div class=\"fusion-post-wrapper\" style=\"background-color:rgba(255,255,255,0);\"><div class=\"fusion-post-content-wrapper\" style=\"padding:30px 25px 25px 25px;\"><div class=\"fusion-post-content post-content\"><div class=\"fusion-timeline-circle\" style=\"background-color:#d2d2d2;\"><\/div><div class=\"fusion-timeline-arrow\" style=\"color:#d2d2d2;\"><\/div><h2 class=\"blog-shortcode-post-title entry-title\"><a href=\"https:\/\/iessa.news\/?p=14733\">Arr\u00eat\u00e9 de la motivation de la fili\u00e8re technique<\/a><\/h2><p class=\"fusion-single-line-meta\"><span class=\"vcard\" style=\"display: none;\"><span class=\"fn\"><a href=\"https:\/\/iessa.news\/?author=1\" title=\"Articles par admin\" rel=\"author\">admin<\/a><\/span><\/span><span class=\"updated\" style=\"display:none;\">2025-05-22T13:09:53+02:00<\/span><span>mai 15th, 2025<\/span><span class=\"fusion-inline-sep\">|<\/span><\/p><div class=\"fusion-content-sep sep-double sep-solid\"><\/div><div class=\"fusion-post-content-container\"><p> <\/p><\/div><\/div><\/div><div class=\"fusion-clearfix\"><\/div><\/div>\n<\/article>\n<\/div><h3 class=\"fusion-timeline-date\" style=\"background-color:#d2d2d2;\">juin 2022<\/h3><div class=\"fusion-collapse-month\"><article id=\"blog-1-post-14230\" style=\"border-color:#d2d2d2;\" class=\"fusion-post-timeline fusion-clearfix fusion-right-column post-14230 post type-post status-publish format-standard has-post-thumbnail hentry category-crnae tag-4-flight tag-iessa\">\n<div class=\"fusion-post-wrapper\" style=\"background-color:rgba(255,255,255,0);\"><div class=\"fusion-post-content-wrapper\" style=\"padding:30px 25px 25px 25px;\"><div class=\"fusion-post-content post-content\"><div class=\"fusion-timeline-circle\" style=\"background-color:#d2d2d2;\"><\/div><div class=\"fusion-timeline-arrow\" style=\"color:#d2d2d2;\"><\/div><h2 class=\"blog-shortcode-post-title entry-title\"><a href=\"https:\/\/iessa.news\/?p=14230\">L\u2019EOP 4F n\u2019est pas un long fleuve tranquille !<\/a><\/h2><p class=\"fusion-single-line-meta\"><span class=\"vcard\" style=\"display: none;\"><span class=\"fn\"><a href=\"https:\/\/iessa.news\/?author=1\" title=\"Articles par admin\" rel=\"author\">admin<\/a><\/span><\/span><span class=\"updated\" style=\"display:none;\">2022-06-16T14:52:02+02:00<\/span><span>juin 10th, 2022<\/span><span class=\"fusion-inline-sep\">|<\/span><\/p><div class=\"fusion-content-sep sep-double sep-solid\"><\/div><div class=\"fusion-post-content-container\"><p> <\/p><\/div><\/div><\/div><div class=\"fusion-clearfix\"><\/div><\/div>\n<\/article>\n<\/div><h3 class=\"fusion-timeline-date\" style=\"background-color:#d2d2d2;\">janvier 2022<\/h3><div class=\"fusion-collapse-month\"><article id=\"blog-1-post-14166\" style=\"border-color:#d2d2d2;\" class=\"fusion-post-timeline fusion-clearfix fusion-left-column post-14166 post type-post status-publish format-standard has-post-thumbnail hentry category-crnae tag-cybersecurite tag-iessa\">\n<div class=\"fusion-post-wrapper\" style=\"background-color:rgba(255,255,255,0);\"><div class=\"fusion-post-content-wrapper\" style=\"padding:30px 25px 25px 25px;\"><div class=\"fusion-post-content post-content\"><div class=\"fusion-timeline-circle\" style=\"background-color:#d2d2d2;\"><\/div><div class=\"fusion-timeline-arrow\" style=\"color:#d2d2d2;\"><\/div><h2 class=\"blog-shortcode-post-title entry-title\"><a href=\"https:\/\/iessa.news\/?p=14166\">Alerte cyber au CRNA\/Est<\/a><\/h2><p class=\"fusion-single-line-meta\"><span class=\"vcard\" style=\"display: none;\"><span class=\"fn\"><a href=\"https:\/\/iessa.news\/?author=1\" title=\"Articles par admin\" rel=\"author\">admin<\/a><\/span><\/span><span class=\"updated\" style=\"display:none;\">2022-01-25T09:16:34+02:00<\/span><span>janvier 15th, 2022<\/span><span class=\"fusion-inline-sep\">|<\/span><\/p><div class=\"fusion-content-sep sep-double sep-solid\"><\/div><div class=\"fusion-post-content-container\"><p> <\/p><\/div><\/div><\/div><div class=\"fusion-clearfix\"><\/div><\/div>\n<\/article>\n<\/div><h3 class=\"fusion-timeline-date\" style=\"background-color:#d2d2d2;\">septembre 2019<\/h3><div class=\"fusion-collapse-month\"><article id=\"blog-1-post-13525\" style=\"border-color:#d2d2d2;\" class=\"fusion-post-timeline fusion-clearfix fusion-right-column post-13525 post type-post status-publish format-standard has-post-thumbnail hentry category-crnae tag-iessa\">\n<div class=\"fusion-post-wrapper\" style=\"background-color:rgba(255,255,255,0);\"><div class=\"fusion-post-content-wrapper\" style=\"padding:30px 25px 25px 25px;\"><div class=\"fusion-post-content post-content\"><div class=\"fusion-timeline-circle\" style=\"background-color:#d2d2d2;\"><\/div><div class=\"fusion-timeline-arrow\" style=\"color:#d2d2d2;\"><\/div><h2 class=\"blog-shortcode-post-title entry-title\"><a href=\"https:\/\/iessa.news\/?p=13525\">Non au Tds<\/a><\/h2><p class=\"fusion-single-line-meta\"><span class=\"vcard\" style=\"display: none;\"><span class=\"fn\"><a href=\"https:\/\/iessa.news\/?author=1\" title=\"Articles par admin\" rel=\"author\">admin<\/a><\/span><\/span><span class=\"updated\" style=\"display:none;\">2019-09-05T16:40:14+02:00<\/span><span>septembre 5th, 2019<\/span><span class=\"fusion-inline-sep\">|<\/span><\/p><div class=\"fusion-content-sep sep-double sep-solid\"><\/div><div class=\"fusion-post-content-container\"><p><\/p><\/div><\/div><\/div><div class=\"fusion-clearfix\"><\/div><\/div>\n<\/article>\n<\/div><h3 class=\"fusion-timeline-date\" style=\"background-color:#d2d2d2;\">juillet 2019<\/h3><div class=\"fusion-collapse-month\"><article id=\"blog-1-post-13505\" style=\"border-color:#d2d2d2;\" class=\"fusion-post-timeline fusion-clearfix fusion-left-column post-13505 post type-post status-publish format-standard has-post-thumbnail hentry category-crnae\">\n<div class=\"fusion-post-wrapper\" style=\"background-color:rgba(255,255,255,0);\"><div class=\"fusion-post-content-wrapper\" style=\"padding:30px 25px 25px 25px;\"><div class=\"fusion-post-content post-content\"><div class=\"fusion-timeline-circle\" style=\"background-color:#d2d2d2;\"><\/div><div class=\"fusion-timeline-arrow\" style=\"color:#d2d2d2;\"><\/div><h2 class=\"blog-shortcode-post-title entry-title\"><a href=\"https:\/\/iessa.news\/?p=13505\">MESO pour JO<\/a><\/h2><p class=\"fusion-single-line-meta\"><span class=\"vcard\" style=\"display: none;\"><span class=\"fn\"><a href=\"https:\/\/iessa.news\/?author=1\" title=\"Articles par admin\" rel=\"author\">admin<\/a><\/span><\/span><span class=\"updated\" style=\"display:none;\">2019-07-01T12:26:34+02:00<\/span><span>juillet 1st, 2019<\/span><span class=\"fusion-inline-sep\">|<\/span><\/p><div class=\"fusion-content-sep sep-double sep-solid\"><\/div><div class=\"fusion-post-content-container\"><p><\/p><\/div><\/div><\/div><div class=\"fusion-clearfix\"><\/div><\/div>\n<\/article>\n<\/div><h3 class=\"fusion-timeline-date\" style=\"background-color:#d2d2d2;\">mars 2019<\/h3><div class=\"fusion-collapse-month\"><article id=\"blog-1-post-13432\" style=\"border-color:#d2d2d2;\" class=\"fusion-post-timeline fusion-clearfix fusion-right-column post-13432 post type-post status-publish format-standard has-post-thumbnail hentry category-crnae tag-4-flight tag-iessa\">\n<div class=\"fusion-post-wrapper\" style=\"background-color:rgba(255,255,255,0);\"><div class=\"fusion-post-content-wrapper\" style=\"padding:30px 25px 25px 25px;\"><div class=\"fusion-post-content post-content\"><div class=\"fusion-timeline-circle\" style=\"background-color:#d2d2d2;\"><\/div><div class=\"fusion-timeline-arrow\" style=\"color:#d2d2d2;\"><\/div><h2 class=\"blog-shortcode-post-title entry-title\"><a href=\"https:\/\/iessa.news\/?p=13432\">Le CRNA Est peut-il rester site pilote ?<\/a><\/h2><p class=\"fusion-single-line-meta\"><span class=\"vcard\" style=\"display: none;\"><span class=\"fn\"><a href=\"https:\/\/iessa.news\/?author=1\" title=\"Articles par admin\" rel=\"author\">admin<\/a><\/span><\/span><span class=\"updated\" style=\"display:none;\">2019-03-22T17:01:26+02:00<\/span><span>mars 22nd, 2019<\/span><span class=\"fusion-inline-sep\">|<\/span><\/p><div class=\"fusion-content-sep sep-double sep-solid\"><\/div><div class=\"fusion-post-content-container\"><p><\/p><\/div><\/div><\/div><div class=\"fusion-clearfix\"><\/div><\/div>\n<\/article>\n<\/div><\/div><\/div><div class=\"pagination clearfix\"><span class=\"current\">1<\/span><a href=\"https:\/\/iessa.news\/wordpress\/index.phpndex.php?rest_route=%2Fwp%2Fv2%2Fpages%2F13656&#038;paged=2\" class=\"inactive\">2<\/a><a class=\"pagination-next\" rel=\"next\" href=\"https:\/\/iessa.news\/wordpress\/index.phpndex.php?rest_route=%2Fwp%2Fv2%2Fpages%2F13656&#038;paged=2\"><span class=\"page-text\">Suivant<\/span><span class=\"page-next\"><\/span><\/a><\/div><div class=\"fusion-clearfix\"><\/div><\/div>\n<div class=\"fusion-clearfix\"><\/div><\/div><\/div><\/div><\/div>","protected":false},"excerpt":{"rendered":"","protected":false},"author":1,"featured_media":0,"parent":0,"menu_order":0,"comment_status":"closed","ping_status":"closed","template":"","meta":{"footnotes":""},"class_list":["post-13656","page","type-page","status-publish","hentry"],"_links":{"self":[{"href":"https:\/\/iessa.news\/index.php?rest_route=\/wp\/v2\/pages\/13656","targetHints":{"allow":["GET"]}}],"collection":[{"href":"https:\/\/iessa.news\/index.php?rest_route=\/wp\/v2\/pages"}],"about":[{"href":"https:\/\/iessa.news\/index.php?rest_route=\/wp\/v2\/types\/page"}],"author":[{"embeddable":true,"href":"https:\/\/iessa.news\/index.php?rest_route=\/wp\/v2\/users\/1"}],"replies":[{"embeddable":true,"href":"https:\/\/iessa.news\/index.php?rest_route=%2Fwp%2Fv2%2Fcomments&post=13656"}],"version-history":[{"count":7,"href":"https:\/\/iessa.news\/index.php?rest_route=\/wp\/v2\/pages\/13656\/revisions"}],"predecessor-version":[{"id":13743,"href":"https:\/\/iessa.news\/index.php?rest_route=\/wp\/v2\/pages\/13656\/revisions\/13743"}],"wp:attachment":[{"href":"https:\/\/iessa.news\/index.php?rest_route=%2Fwp%2Fv2%2Fmedia&parent=13656"}],"curies":[{"name":"wp","href":"https:\/\/api.w.org\/{rel}","templated":true}]}}