{"id":12385,"date":"2016-01-27T21:44:11","date_gmt":"2016-01-27T20:44:11","guid":{"rendered":"https:\/\/iessa.news\/?page_id=12385"},"modified":"2020-06-16T11:37:06","modified_gmt":"2020-06-16T09:37:06","slug":"crna-se","status":"publish","type":"page","link":"https:\/\/iessa.news\/?page_id=12385","title":{"rendered":"CRNA SE"},"content":{"rendered":"<div class=\"fusion-fullwidth fullwidth-box fusion-builder-row-1 hundred-percent-fullwidth non-hundred-percent-height-scrolling\" style=\"--awb-border-radius-top-left:0px;--awb-border-radius-top-right:0px;--awb-border-radius-bottom-right:0px;--awb-border-radius-bottom-left:0px;--awb-overflow:visible;--awb-flex-wrap:wrap;\" ><div class=\"fusion-builder-row fusion-row\"><div class=\"fusion-layout-column fusion_builder_column fusion-builder-column-0 fusion_builder_column_1_1 1_1 fusion-one-full fusion-column-first fusion-column-last fusion-column-no-min-height\" style=\"--awb-bg-size:cover;--awb-margin-bottom:0px;\"><div class=\"fusion-column-wrapper fusion-flex-column-wrapper-legacy\"><div class=\"fusion-blog-shortcode fusion-blog-shortcode-1 fusion-blog-archive fusion-blog-layout-timeline-wrapper fusion-blog-no\"><div class=\"fusion-posts-container fusion-posts-container-no fusion-blog-rollover\" data-pages=\"2\"><div class=\"fusion-timeline-icon\"><i class=\"awb-icon-bubbles\" style=\"color:#d2d2d2;\" aria-hidden=\"true\"><\/i><\/div><div class=\"fusion-blog-layout-timeline fusion-clearfix\"><div class=\"fusion-timeline-line\" style=\"border-left:1px solid #d2d2d2;border-right:1px solid #d2d2d2;\"><\/div><h3 class=\"fusion-timeline-date\" style=\"background-color:#d2d2d2;\">septembre 2022<\/h3><div class=\"fusion-collapse-month\"><article id=\"blog-1-post-14272\" style=\"border-color:#d2d2d2;\" class=\"fusion-post-timeline fusion-clearfix fusion-left-column post-14272 post type-post status-publish format-standard has-post-thumbnail hentry category-crna-se tag-iessa tag-nuit\">\n<div class=\"fusion-post-wrapper\" style=\"background-color:rgba(255,255,255,0);\">\n\n\t\t\t<div class=\"fusion-flexslider flexslider fusion-flexslider-loading fusion-post-slideshow\" style=\"border-color:#d2d2d2;\">\n\t\t<ul class=\"slides\">\n\t\t\t\n\t\t\t\t\t\t\t\t\t\t\t\t\t\t<li><div  class=\"fusion-image-wrapper\" aria-haspopup=\"true\">\n\t\t\t\t<img decoding=\"async\" width=\"2560\" height=\"1707\" src=\"https:\/\/iessa.news\/wp-content\/uploads\/2022\/09\/AdobeStock_334477967-scaled.jpeg\" class=\"attachment-full size-full wp-post-image\" alt=\"\" srcset=\"https:\/\/iessa.news\/wp-content\/uploads\/2022\/09\/AdobeStock_334477967-200x133.jpeg 200w, https:\/\/iessa.news\/wp-content\/uploads\/2022\/09\/AdobeStock_334477967-400x267.jpeg 400w, https:\/\/iessa.news\/wp-content\/uploads\/2022\/09\/AdobeStock_334477967-600x400.jpeg 600w, https:\/\/iessa.news\/wp-content\/uploads\/2022\/09\/AdobeStock_334477967-800x533.jpeg 800w, https:\/\/iessa.news\/wp-content\/uploads\/2022\/09\/AdobeStock_334477967-1200x800.jpeg 1200w, https:\/\/iessa.news\/wp-content\/uploads\/2022\/09\/AdobeStock_334477967-scaled.jpeg 2560w\" sizes=\"(max-width: 900px) 100vw, 40vw\" \/><div class=\"fusion-rollover\">\n\t<div class=\"fusion-rollover-content\">\n\n\t\t\t\t\t\t\t\t\t\t\t\t\t\t<a class=\"fusion-rollover-link\" href=\"https:\/\/iessa.news\/?p=14272\">Somnambules du monde nouveau<\/a>\n\t\t\t\n\t\t\t\t\t\t\t\t\t\t\t\t\t\t\n\t\t\t\t\t\t\t\t\n\t\t\t\t\t\t\t\t\t\t\t\t\t<div class=\"fusion-rollover-sep\"><\/div>\n\t\t\t\t\n\t\t\t\t\t\t\t\t\t\t\t\t\t\t\t\t\t\t<a class=\"fusion-rollover-gallery\" href=\"https:\/\/iessa.news\/wp-content\/uploads\/2022\/09\/AdobeStock_334477967-scaled.jpeg\" data-options=\"\" data-id=\"14272\" data-rel=\"iLightbox[gallery]\" data-title=\"Baustelle bei Nacht\" data-caption=\"Baustelle bei Nacht\">\n\t\t\t\t\t\tGalerie\t\t\t\t\t<\/a>\n\t\t\t\t\t\t\t\t\t\t\t\t\t\t\n\t\t\n\t\t\t\t\t\t\t\t\t\t\t\t<h4 class=\"fusion-rollover-title\">\n\t\t\t\t\t<a class=\"fusion-rollover-title-link\" href=\"https:\/\/iessa.news\/?p=14272\">\n\t\t\t\t\t\tSomnambules du monde nouveau\t\t\t\t\t<\/a>\n\t\t\t\t<\/h4>\n\t\t\t\n\t\t\t\t\t\t\t\t\t\t<div class=\"fusion-rollover-categories\"><a href=\"https:\/\/iessa.news\/?cat=106\" rel=\"tag\">CRNA SE<\/a><\/div>\t\t\t\t\t\n\t\t\n\t\t\t\t\t\t<a class=\"fusion-link-wrapper\" href=\"https:\/\/iessa.news\/?p=14272\" aria-label=\"Somnambules du monde nouveau\"><\/a>\n\t<\/div>\n<\/div>\n<\/div>\n<\/li>\n\t\t\t\n\t\t\t\n\t\t\t\t\t\t\t\t\t\t\t\t\t\t\t\t\t\t\t\t\t\t\t\t\t\t\t\t\t\t\t\t\t\t\t\t\t\t\t\t\t\t\t\t\t\t\t\t\t\t\t\t\t\t\t\t\t\t\t\t\t\t\t\t\t\t\t\t<\/ul>\n\t<\/div>\n\t<div class=\"fusion-post-content-wrapper\" style=\"padding:30px 25px 25px 25px;\"><div class=\"fusion-post-content post-content\"><div class=\"fusion-timeline-circle\" style=\"background-color:#d2d2d2;\"><\/div><div class=\"fusion-timeline-arrow\" style=\"color:#d2d2d2;\"><\/div><h2 class=\"blog-shortcode-post-title entry-title\"><a href=\"https:\/\/iessa.news\/?p=14272\">Somnambules du monde nouveau<\/a><\/h2><p class=\"fusion-single-line-meta\">Par <span class=\"vcard\"><span class=\"fn\"><a href=\"https:\/\/iessa.news\/?author=1\" title=\"Articles par admin\" rel=\"author\">admin<\/a><\/span><\/span><span class=\"fusion-inline-sep\">|<\/span><span class=\"updated\" style=\"display:none;\">2022-09-19T12:53:00+02:00<\/span><span>septembre 19th, 2022<\/span><span class=\"fusion-inline-sep\">|<\/span><\/p><div class=\"fusion-content-sep sep-double sep-solid\"><\/div><div class=\"fusion-post-content-container\"><p> <\/p><\/div><\/div><\/div><div class=\"fusion-clearfix\"><\/div><\/div>\n<\/article>\n<\/div><h3 class=\"fusion-timeline-date\" style=\"background-color:#d2d2d2;\">juin 2022<\/h3><div class=\"fusion-collapse-month\"><article id=\"blog-1-post-14234\" style=\"border-color:#d2d2d2;\" class=\"fusion-post-timeline fusion-clearfix fusion-right-column post-14234 post type-post status-publish format-standard has-post-thumbnail hentry category-crna-se tag-4-flight tag-iessa tag-sabotage\">\n<div class=\"fusion-post-wrapper\" style=\"background-color:rgba(255,255,255,0);\">\n\n\t\t\t<div class=\"fusion-flexslider flexslider fusion-flexslider-loading fusion-post-slideshow\" style=\"border-color:#d2d2d2;\">\n\t\t<ul class=\"slides\">\n\t\t\t\n\t\t\t\t\t\t\t\t\t\t\t\t\t\t<li><div  class=\"fusion-image-wrapper\" aria-haspopup=\"true\">\n\t\t\t\t<img decoding=\"async\" width=\"2560\" height=\"1920\" src=\"https:\/\/iessa.news\/wp-content\/uploads\/2022\/06\/sabotage-scaled.jpeg\" class=\"attachment-full size-full wp-post-image\" alt=\"\" srcset=\"https:\/\/iessa.news\/wp-content\/uploads\/2022\/06\/sabotage-200x150.jpeg 200w, https:\/\/iessa.news\/wp-content\/uploads\/2022\/06\/sabotage-400x300.jpeg 400w, https:\/\/iessa.news\/wp-content\/uploads\/2022\/06\/sabotage-600x450.jpeg 600w, https:\/\/iessa.news\/wp-content\/uploads\/2022\/06\/sabotage-800x600.jpeg 800w, https:\/\/iessa.news\/wp-content\/uploads\/2022\/06\/sabotage-1200x900.jpeg 1200w, https:\/\/iessa.news\/wp-content\/uploads\/2022\/06\/sabotage-scaled.jpeg 2560w\" sizes=\"(max-width: 900px) 100vw, 40vw\" \/><div class=\"fusion-rollover\">\n\t<div class=\"fusion-rollover-content\">\n\n\t\t\t\t\t\t\t\t\t\t\t\t\t\t<a class=\"fusion-rollover-link\" href=\"https:\/\/iessa.news\/?p=14234\">Panne Coflight a Reims : \u00ab sabotage \u00bb ?<\/a>\n\t\t\t\n\t\t\t\t\t\t\t\t\t\t\t\t\t\t\n\t\t\t\t\t\t\t\t\n\t\t\t\t\t\t\t\t\t\t\t\t\t<div class=\"fusion-rollover-sep\"><\/div>\n\t\t\t\t\n\t\t\t\t\t\t\t\t\t\t\t\t\t\t\t\t\t\t<a class=\"fusion-rollover-gallery\" href=\"https:\/\/iessa.news\/wp-content\/uploads\/2022\/06\/sabotage-scaled.jpeg\" data-options=\"\" data-id=\"14234\" data-rel=\"iLightbox[gallery]\" data-title=\"Caution screen concept\" data-caption=\"Future technology smart glass red touchscreen interface. Caution screen concept\">\n\t\t\t\t\t\tGalerie\t\t\t\t\t<\/a>\n\t\t\t\t\t\t\t\t\t\t\t\t\t\t\n\t\t\n\t\t\t\t\t\t\t\t\t\t\t\t<h4 class=\"fusion-rollover-title\">\n\t\t\t\t\t<a class=\"fusion-rollover-title-link\" href=\"https:\/\/iessa.news\/?p=14234\">\n\t\t\t\t\t\tPanne Coflight a Reims : \u00ab sabotage \u00bb ?\t\t\t\t\t<\/a>\n\t\t\t\t<\/h4>\n\t\t\t\n\t\t\t\t\t\t\t\t\t\t<div class=\"fusion-rollover-categories\"><a href=\"https:\/\/iessa.news\/?cat=106\" rel=\"tag\">CRNA SE<\/a><\/div>\t\t\t\t\t\n\t\t\n\t\t\t\t\t\t<a class=\"fusion-link-wrapper\" href=\"https:\/\/iessa.news\/?p=14234\" aria-label=\"Panne Coflight a Reims : \u00ab sabotage \u00bb ?\"><\/a>\n\t<\/div>\n<\/div>\n<\/div>\n<\/li>\n\t\t\t\n\t\t\t\n\t\t\t\t\t\t\t\t\t\t\t\t\t\t\t\t\t\t\t\t\t\t\t\t\t\t\t\t\t\t\t\t\t\t\t\t\t\t\t\t\t\t\t\t\t\t\t\t\t\t\t\t\t\t\t\t\t\t\t\t\t\t\t\t\t\t\t\t<\/ul>\n\t<\/div>\n\t<div class=\"fusion-post-content-wrapper\" style=\"padding:30px 25px 25px 25px;\"><div class=\"fusion-post-content post-content\"><div class=\"fusion-timeline-circle\" style=\"background-color:#d2d2d2;\"><\/div><div class=\"fusion-timeline-arrow\" style=\"color:#d2d2d2;\"><\/div><h2 class=\"blog-shortcode-post-title entry-title\"><a href=\"https:\/\/iessa.news\/?p=14234\">Panne Coflight a Reims : \u00ab sabotage \u00bb ?<\/a><\/h2><p class=\"fusion-single-line-meta\">Par <span class=\"vcard\"><span class=\"fn\"><a href=\"https:\/\/iessa.news\/?author=1\" title=\"Articles par admin\" rel=\"author\">admin<\/a><\/span><\/span><span class=\"fusion-inline-sep\">|<\/span><span class=\"updated\" style=\"display:none;\">2022-06-16T13:51:02+02:00<\/span><span>juin 13th, 2022<\/span><span class=\"fusion-inline-sep\">|<\/span><\/p><div class=\"fusion-content-sep sep-double sep-solid\"><\/div><div class=\"fusion-post-content-container\"><p> <\/p><\/div><\/div><\/div><div class=\"fusion-clearfix\"><\/div><\/div>\n<\/article>\n<\/div><h3 class=\"fusion-timeline-date\" style=\"background-color:#d2d2d2;\">juin 2021<\/h3><div class=\"fusion-collapse-month\"><article id=\"blog-1-post-14010\" style=\"border-color:#d2d2d2;\" class=\"fusion-post-timeline fusion-clearfix fusion-left-column post-14010 post type-post status-publish format-standard has-post-thumbnail hentry category-crna-se tag-cap tag-iessa tag-sir\">\n<div class=\"fusion-post-wrapper\" style=\"background-color:rgba(255,255,255,0);\">\n\n\t\t\t<div class=\"fusion-flexslider flexslider fusion-flexslider-loading fusion-post-slideshow\" style=\"border-color:#d2d2d2;\">\n\t\t<ul class=\"slides\">\n\t\t\t\n\t\t\t\t\t\t\t\t\t\t\t\t\t\t<li><div  class=\"fusion-image-wrapper\" aria-haspopup=\"true\">\n\t\t\t\t<img decoding=\"async\" width=\"595\" height=\"842\" src=\"https:\/\/iessa.news\/wp-content\/uploads\/2021\/06\/Fusion-CAP-.jpg\" class=\"attachment-full size-full wp-post-image\" alt=\"\" srcset=\"https:\/\/iessa.news\/wp-content\/uploads\/2021\/06\/Fusion-CAP--200x283.jpg 200w, https:\/\/iessa.news\/wp-content\/uploads\/2021\/06\/Fusion-CAP--400x566.jpg 400w, https:\/\/iessa.news\/wp-content\/uploads\/2021\/06\/Fusion-CAP-.jpg 595w\" sizes=\"(max-width: 900px) 100vw, 40vw\" \/><div class=\"fusion-rollover\">\n\t<div class=\"fusion-rollover-content\">\n\n\t\t\t\t\t\t\t\t\t\t\t\t\t\t<a class=\"fusion-rollover-link\" href=\"https:\/\/iessa.news\/?p=14010\">Fusion CAP<\/a>\n\t\t\t\n\t\t\t\t\t\t\t\t\t\t\t\t\t\t\n\t\t\t\t\t\t\t\t\n\t\t\t\t\t\t\t\t\t\t\t\t\t<div class=\"fusion-rollover-sep\"><\/div>\n\t\t\t\t\n\t\t\t\t\t\t\t\t\t\t\t\t\t\t\t\t\t\t<a class=\"fusion-rollover-gallery\" href=\"https:\/\/iessa.news\/wp-content\/uploads\/2021\/06\/Fusion-CAP-.jpg\" data-options=\"\" data-id=\"14010\" data-rel=\"iLightbox[gallery]\" data-title=\"Fusion CAP\" data-caption=\"\">\n\t\t\t\t\t\tGalerie\t\t\t\t\t<\/a>\n\t\t\t\t\t\t\t\t\t\t\t\t\t\t\n\t\t\n\t\t\t\t\t\t\t\t\t\t\t\t<h4 class=\"fusion-rollover-title\">\n\t\t\t\t\t<a class=\"fusion-rollover-title-link\" href=\"https:\/\/iessa.news\/?p=14010\">\n\t\t\t\t\t\tFusion CAP\t\t\t\t\t<\/a>\n\t\t\t\t<\/h4>\n\t\t\t\n\t\t\t\t\t\t\t\t\t\t<div class=\"fusion-rollover-categories\"><a href=\"https:\/\/iessa.news\/?cat=106\" rel=\"tag\">CRNA SE<\/a><\/div>\t\t\t\t\t\n\t\t\n\t\t\t\t\t\t<a class=\"fusion-link-wrapper\" href=\"https:\/\/iessa.news\/?p=14010\" aria-label=\"Fusion CAP\"><\/a>\n\t<\/div>\n<\/div>\n<\/div>\n<\/li>\n\t\t\t\n\t\t\t\n\t\t\t\t\t\t\t\t\t\t\t\t\t\t\t\t\t\t\t\t\t\t\t\t\t\t\t\t\t\t\t\t\t\t\t\t\t\t\t\t\t\t\t\t\t\t\t\t\t\t\t\t\t\t\t\t\t\t\t\t\t\t\t\t\t\t\t\t<\/ul>\n\t<\/div>\n\t<div class=\"fusion-post-content-wrapper\" style=\"padding:30px 25px 25px 25px;\"><div class=\"fusion-post-content post-content\"><div class=\"fusion-timeline-circle\" style=\"background-color:#d2d2d2;\"><\/div><div class=\"fusion-timeline-arrow\" style=\"color:#d2d2d2;\"><\/div><h2 class=\"blog-shortcode-post-title entry-title\"><a href=\"https:\/\/iessa.news\/?p=14010\">Fusion CAP<\/a><\/h2><p class=\"fusion-single-line-meta\">Par <span class=\"vcard\"><span class=\"fn\"><a href=\"https:\/\/iessa.news\/?author=1\" title=\"Articles par admin\" rel=\"author\">admin<\/a><\/span><\/span><span class=\"fusion-inline-sep\">|<\/span><span class=\"updated\" style=\"display:none;\">2021-06-02T23:37:44+02:00<\/span><span>juin 2nd, 2021<\/span><span class=\"fusion-inline-sep\">|<\/span><\/p><div class=\"fusion-content-sep sep-double sep-solid\"><\/div><div class=\"fusion-post-content-container\"><p> <\/p><\/div><\/div><\/div><div class=\"fusion-clearfix\"><\/div><\/div>\n<\/article>\n<\/div><h3 class=\"fusion-timeline-date\" style=\"background-color:#d2d2d2;\">avril 2020<\/h3><div class=\"fusion-collapse-month\"><article id=\"blog-1-post-13691\" style=\"border-color:#d2d2d2;\" class=\"fusion-post-timeline fusion-clearfix fusion-right-column post-13691 post type-post status-publish format-standard has-post-thumbnail hentry category-crna-se tag-covid tag-iessa\">\n<div class=\"fusion-post-wrapper\" style=\"background-color:rgba(255,255,255,0);\">\n\n\t\t\t<div class=\"fusion-flexslider flexslider fusion-flexslider-loading fusion-post-slideshow\" style=\"border-color:#d2d2d2;\">\n\t\t<ul class=\"slides\">\n\t\t\t\n\t\t\t\t\t\t\t\t\t\t\t\t\t\t<li><div  class=\"fusion-image-wrapper\" aria-haspopup=\"true\">\n\t\t\t\t<img decoding=\"async\" width=\"1654\" height=\"2339\" src=\"https:\/\/iessa.news\/wp-content\/uploads\/2020\/04\/20200404_V6.jpg\" class=\"attachment-full size-full wp-post-image\" alt=\"\" srcset=\"https:\/\/iessa.news\/wp-content\/uploads\/2020\/04\/20200404_V6-200x283.jpg 200w, https:\/\/iessa.news\/wp-content\/uploads\/2020\/04\/20200404_V6-400x566.jpg 400w, https:\/\/iessa.news\/wp-content\/uploads\/2020\/04\/20200404_V6-600x848.jpg 600w, https:\/\/iessa.news\/wp-content\/uploads\/2020\/04\/20200404_V6-800x1131.jpg 800w, https:\/\/iessa.news\/wp-content\/uploads\/2020\/04\/20200404_V6-1200x1697.jpg 1200w, https:\/\/iessa.news\/wp-content\/uploads\/2020\/04\/20200404_V6.jpg 1654w\" sizes=\"(max-width: 900px) 100vw, 40vw\" \/><div class=\"fusion-rollover\">\n\t<div class=\"fusion-rollover-content\">\n\n\t\t\t\t\t\t\t\t\t\t\t\t\t\t<a class=\"fusion-rollover-link\" href=\"https:\/\/iessa.news\/?p=13691\">Cong\u00e9s Covid-19, le printemps des autocrates<\/a>\n\t\t\t\n\t\t\t\t\t\t\t\t\t\t\t\t\t\t\n\t\t\t\t\t\t\t\t\n\t\t\t\t\t\t\t\t\t\t\t\t\t<div class=\"fusion-rollover-sep\"><\/div>\n\t\t\t\t\n\t\t\t\t\t\t\t\t\t\t\t\t\t\t\t\t\t\t<a class=\"fusion-rollover-gallery\" href=\"https:\/\/iessa.news\/wp-content\/uploads\/2020\/04\/20200404_V6.jpg\" data-options=\"\" data-id=\"13691\" data-rel=\"iLightbox[gallery]\" data-title=\"20200404_V6\" data-caption=\"\">\n\t\t\t\t\t\tGalerie\t\t\t\t\t<\/a>\n\t\t\t\t\t\t\t\t\t\t\t\t\t\t\n\t\t\n\t\t\t\t\t\t\t\t\t\t\t\t<h4 class=\"fusion-rollover-title\">\n\t\t\t\t\t<a class=\"fusion-rollover-title-link\" href=\"https:\/\/iessa.news\/?p=13691\">\n\t\t\t\t\t\tCong\u00e9s Covid-19, le printemps des autocrates\t\t\t\t\t<\/a>\n\t\t\t\t<\/h4>\n\t\t\t\n\t\t\t\t\t\t\t\t\t\t<div class=\"fusion-rollover-categories\"><a href=\"https:\/\/iessa.news\/?cat=106\" rel=\"tag\">CRNA SE<\/a><\/div>\t\t\t\t\t\n\t\t\n\t\t\t\t\t\t<a class=\"fusion-link-wrapper\" href=\"https:\/\/iessa.news\/?p=13691\" aria-label=\"Cong\u00e9s Covid-19, le printemps des autocrates\"><\/a>\n\t<\/div>\n<\/div>\n<\/div>\n<\/li>\n\t\t\t\n\t\t\t\n\t\t\t\t\t\t\t\t\t\t\t\t\t\t\t\t\t\t\t\t\t\t\t\t\t\t\t\t\t\t\t\t\t\t\t\t\t\t\t\t\t\t\t\t\t\t\t\t\t\t\t\t\t\t\t\t\t\t\t\t\t\t\t\t\t\t\t\t<\/ul>\n\t<\/div>\n\t<div class=\"fusion-post-content-wrapper\" style=\"padding:30px 25px 25px 25px;\"><div class=\"fusion-post-content post-content\"><div class=\"fusion-timeline-circle\" style=\"background-color:#d2d2d2;\"><\/div><div class=\"fusion-timeline-arrow\" style=\"color:#d2d2d2;\"><\/div><h2 class=\"blog-shortcode-post-title entry-title\"><a href=\"https:\/\/iessa.news\/?p=13691\">Cong\u00e9s Covid-19, le printemps des autocrates<\/a><\/h2><p class=\"fusion-single-line-meta\">Par <span class=\"vcard\"><span class=\"fn\"><a href=\"https:\/\/iessa.news\/?author=1\" title=\"Articles par admin\" rel=\"author\">admin<\/a><\/span><\/span><span class=\"fusion-inline-sep\">|<\/span><span class=\"updated\" style=\"display:none;\">2020-04-05T23:14:59+02:00<\/span><span>avril 5th, 2020<\/span><span class=\"fusion-inline-sep\">|<\/span><\/p><div class=\"fusion-content-sep sep-double sep-solid\"><\/div><div class=\"fusion-post-content-container\"><p><\/p><\/div><\/div><\/div><div class=\"fusion-clearfix\"><\/div><\/div>\n<\/article>\n<\/div><h3 class=\"fusion-timeline-date\" style=\"background-color:#d2d2d2;\">janvier 2020<\/h3><div class=\"fusion-collapse-month\"><article id=\"blog-1-post-13627\" style=\"border-color:#d2d2d2;\" class=\"fusion-post-timeline fusion-clearfix fusion-left-column post-13627 post type-post status-publish format-standard has-post-thumbnail hentry category-crna-se tag-cautra tag-iessa tag-protocole\">\n<div class=\"fusion-post-wrapper\" style=\"background-color:rgba(255,255,255,0);\">\n\n\t\t\t<div class=\"fusion-flexslider flexslider fusion-flexslider-loading fusion-post-slideshow\" style=\"border-color:#d2d2d2;\">\n\t\t<ul class=\"slides\">\n\t\t\t\n\t\t\t\t\t\t\t\t\t\t\t\t\t\t<li><div  class=\"fusion-image-wrapper\" aria-haspopup=\"true\">\n\t\t\t\t<img decoding=\"async\" width=\"1232\" height=\"2164\" src=\"https:\/\/iessa.news\/wp-content\/uploads\/2020\/02\/UNSA_IESSA_4F_ou_CT_VF.jpg\" class=\"attachment-full size-full wp-post-image\" alt=\"\" srcset=\"https:\/\/iessa.news\/wp-content\/uploads\/2020\/02\/UNSA_IESSA_4F_ou_CT_VF-200x351.jpg 200w, https:\/\/iessa.news\/wp-content\/uploads\/2020\/02\/UNSA_IESSA_4F_ou_CT_VF-400x703.jpg 400w, https:\/\/iessa.news\/wp-content\/uploads\/2020\/02\/UNSA_IESSA_4F_ou_CT_VF-600x1054.jpg 600w, https:\/\/iessa.news\/wp-content\/uploads\/2020\/02\/UNSA_IESSA_4F_ou_CT_VF-800x1405.jpg 800w, https:\/\/iessa.news\/wp-content\/uploads\/2020\/02\/UNSA_IESSA_4F_ou_CT_VF-1200x2108.jpg 1200w, https:\/\/iessa.news\/wp-content\/uploads\/2020\/02\/UNSA_IESSA_4F_ou_CT_VF.jpg 1232w\" sizes=\"(max-width: 900px) 100vw, 40vw\" \/><div class=\"fusion-rollover\">\n\t<div class=\"fusion-rollover-content\">\n\n\t\t\t\t\t\t\t\t\t\t\t\t\t\t<a class=\"fusion-rollover-link\" href=\"https:\/\/iessa.news\/?p=13627\">Retrait CAUTRA, l\u2019arl\u00e9sienne\u2026.<\/a>\n\t\t\t\n\t\t\t\t\t\t\t\t\t\t\t\t\t\t\n\t\t\t\t\t\t\t\t\n\t\t\t\t\t\t\t\t\t\t\t\t\t<div class=\"fusion-rollover-sep\"><\/div>\n\t\t\t\t\n\t\t\t\t\t\t\t\t\t\t\t\t\t\t\t\t\t\t<a class=\"fusion-rollover-gallery\" href=\"https:\/\/iessa.news\/wp-content\/uploads\/2020\/02\/UNSA_IESSA_4F_ou_CT_VF.jpg\" data-options=\"\" data-id=\"13627\" data-rel=\"iLightbox[gallery]\" data-title=\"UNSA_IESSA_4F_ou_CT_VF\" data-caption=\"\">\n\t\t\t\t\t\tGalerie\t\t\t\t\t<\/a>\n\t\t\t\t\t\t\t\t\t\t\t\t\t\t\n\t\t\n\t\t\t\t\t\t\t\t\t\t\t\t<h4 class=\"fusion-rollover-title\">\n\t\t\t\t\t<a class=\"fusion-rollover-title-link\" href=\"https:\/\/iessa.news\/?p=13627\">\n\t\t\t\t\t\tRetrait CAUTRA, l\u2019arl\u00e9sienne\u2026.\t\t\t\t\t<\/a>\n\t\t\t\t<\/h4>\n\t\t\t\n\t\t\t\t\t\t\t\t\t\t<div class=\"fusion-rollover-categories\"><a href=\"https:\/\/iessa.news\/?cat=106\" rel=\"tag\">CRNA SE<\/a><\/div>\t\t\t\t\t\n\t\t\n\t\t\t\t\t\t<a class=\"fusion-link-wrapper\" href=\"https:\/\/iessa.news\/?p=13627\" aria-label=\"Retrait CAUTRA, l\u2019arl\u00e9sienne\u2026.\"><\/a>\n\t<\/div>\n<\/div>\n<\/div>\n<\/li>\n\t\t\t\n\t\t\t\n\t\t\t\t\t\t\t\t\t\t\t\t\t\t\t\t\t\t\t\t\t\t\t\t\t\t\t\t\t\t\t\t\t\t\t\t\t\t\t\t\t\t\t\t\t\t\t\t\t\t\t\t\t\t\t\t\t\t\t\t\t\t\t\t\t\t\t\t<\/ul>\n\t<\/div>\n\t<div class=\"fusion-post-content-wrapper\" style=\"padding:30px 25px 25px 25px;\"><div class=\"fusion-post-content post-content\"><div class=\"fusion-timeline-circle\" style=\"background-color:#d2d2d2;\"><\/div><div class=\"fusion-timeline-arrow\" style=\"color:#d2d2d2;\"><\/div><h2 class=\"blog-shortcode-post-title entry-title\"><a href=\"https:\/\/iessa.news\/?p=13627\">Retrait CAUTRA, l\u2019arl\u00e9sienne\u2026.<\/a><\/h2><p class=\"fusion-single-line-meta\">Par <span class=\"vcard\"><span class=\"fn\"><a href=\"https:\/\/iessa.news\/?author=1\" title=\"Articles par admin\" rel=\"author\">admin<\/a><\/span><\/span><span class=\"fusion-inline-sep\">|<\/span><span class=\"updated\" style=\"display:none;\">2020-02-03T08:28:00+02:00<\/span><span>janvier 28th, 2020<\/span><span class=\"fusion-inline-sep\">|<\/span><\/p><div class=\"fusion-content-sep sep-double sep-solid\"><\/div><div class=\"fusion-post-content-container\"><p><\/p><\/div><\/div><\/div><div class=\"fusion-clearfix\"><\/div><\/div>\n<\/article>\n<article id=\"blog-1-post-13612\" style=\"border-color:#d2d2d2;\" class=\"fusion-post-timeline fusion-clearfix fusion-right-column post-13612 post type-post status-publish format-standard has-post-thumbnail hentry category-crna-se tag-iessa tag-motion tag-protocole\">\n<div class=\"fusion-post-wrapper\" style=\"background-color:rgba(255,255,255,0);\">\n\n\t\t\t<div class=\"fusion-flexslider flexslider fusion-flexslider-loading fusion-post-slideshow\" style=\"border-color:#d2d2d2;\">\n\t\t<ul class=\"slides\">\n\t\t\t\n\t\t\t\t\t\t\t\t\t\t\t\t\t\t<li><div  class=\"fusion-image-wrapper\" aria-haspopup=\"true\">\n\t\t\t\t<img decoding=\"async\" width=\"1654\" height=\"2339\" src=\"https:\/\/iessa.news\/wp-content\/uploads\/2020\/01\/20200107_Motion_AG.jpg\" class=\"attachment-full size-full wp-post-image\" alt=\"\" srcset=\"https:\/\/iessa.news\/wp-content\/uploads\/2020\/01\/20200107_Motion_AG-200x283.jpg 200w, https:\/\/iessa.news\/wp-content\/uploads\/2020\/01\/20200107_Motion_AG-400x566.jpg 400w, https:\/\/iessa.news\/wp-content\/uploads\/2020\/01\/20200107_Motion_AG-600x848.jpg 600w, https:\/\/iessa.news\/wp-content\/uploads\/2020\/01\/20200107_Motion_AG-800x1131.jpg 800w, https:\/\/iessa.news\/wp-content\/uploads\/2020\/01\/20200107_Motion_AG-1200x1697.jpg 1200w, https:\/\/iessa.news\/wp-content\/uploads\/2020\/01\/20200107_Motion_AG.jpg 1654w\" sizes=\"(max-width: 900px) 100vw, 40vw\" \/><div class=\"fusion-rollover\">\n\t<div class=\"fusion-rollover-content\">\n\n\t\t\t\t\t\t\t\t\t\t\t\t\t\t<a class=\"fusion-rollover-link\" href=\"https:\/\/iessa.news\/?p=13612\">Motion d\u2019assembl\u00e9e g\u00e9n\u00e9rale<\/a>\n\t\t\t\n\t\t\t\t\t\t\t\t\t\t\t\t\t\t\n\t\t\t\t\t\t\t\t\n\t\t\t\t\t\t\t\t\t\t\t\t\t<div class=\"fusion-rollover-sep\"><\/div>\n\t\t\t\t\n\t\t\t\t\t\t\t\t\t\t\t\t\t\t\t\t\t\t<a class=\"fusion-rollover-gallery\" href=\"https:\/\/iessa.news\/wp-content\/uploads\/2020\/01\/20200107_Motion_AG.jpg\" data-options=\"\" data-id=\"13612\" data-rel=\"iLightbox[gallery]\" data-title=\"20200107_Motion_AG\" data-caption=\"\">\n\t\t\t\t\t\tGalerie\t\t\t\t\t<\/a>\n\t\t\t\t\t\t\t\t\t\t\t\t\t\t\n\t\t\n\t\t\t\t\t\t\t\t\t\t\t\t<h4 class=\"fusion-rollover-title\">\n\t\t\t\t\t<a class=\"fusion-rollover-title-link\" href=\"https:\/\/iessa.news\/?p=13612\">\n\t\t\t\t\t\tMotion d\u2019assembl\u00e9e g\u00e9n\u00e9rale\t\t\t\t\t<\/a>\n\t\t\t\t<\/h4>\n\t\t\t\n\t\t\t\t\t\t\t\t\t\t<div class=\"fusion-rollover-categories\"><a href=\"https:\/\/iessa.news\/?cat=106\" rel=\"tag\">CRNA SE<\/a><\/div>\t\t\t\t\t\n\t\t\n\t\t\t\t\t\t<a class=\"fusion-link-wrapper\" href=\"https:\/\/iessa.news\/?p=13612\" aria-label=\"Motion d\u2019assembl\u00e9e g\u00e9n\u00e9rale\"><\/a>\n\t<\/div>\n<\/div>\n<\/div>\n<\/li>\n\t\t\t\n\t\t\t\n\t\t\t\t\t\t\t\t\t\t\t\t\t\t\t\t\t\t\t\t\t\t\t\t\t\t\t\t\t\t\t\t\t\t\t\t\t\t\t\t\t\t\t\t\t\t\t\t\t\t\t\t\t\t\t\t\t\t\t\t\t\t\t\t\t\t\t\t<\/ul>\n\t<\/div>\n\t<div class=\"fusion-post-content-wrapper\" style=\"padding:30px 25px 25px 25px;\"><div class=\"fusion-post-content post-content\"><div class=\"fusion-timeline-circle\" style=\"background-color:#d2d2d2;\"><\/div><div class=\"fusion-timeline-arrow\" style=\"color:#d2d2d2;\"><\/div><h2 class=\"blog-shortcode-post-title entry-title\"><a href=\"https:\/\/iessa.news\/?p=13612\">Motion d\u2019assembl\u00e9e g\u00e9n\u00e9rale<\/a><\/h2><p class=\"fusion-single-line-meta\">Par <span class=\"vcard\"><span class=\"fn\"><a href=\"https:\/\/iessa.news\/?author=1\" title=\"Articles par admin\" rel=\"author\">admin<\/a><\/span><\/span><span class=\"fusion-inline-sep\">|<\/span><span class=\"updated\" style=\"display:none;\">2020-01-13T10:06:09+02:00<\/span><span>janvier 7th, 2020<\/span><span class=\"fusion-inline-sep\">|<\/span><\/p><div class=\"fusion-content-sep sep-double sep-solid\"><\/div><div class=\"fusion-post-content-container\"><p><\/p><\/div><\/div><\/div><div class=\"fusion-clearfix\"><\/div><\/div>\n<\/article>\n<\/div><\/div><\/div><\/div><div class=\"fusion-clearfix\"><\/div><\/div><\/div><\/div><\/div>\n","protected":false},"excerpt":{"rendered":"","protected":false},"author":1,"featured_media":0,"parent":0,"menu_order":0,"comment_status":"closed","ping_status":"closed","template":"","meta":{"footnotes":""},"class_list":["post-12385","page","type-page","status-publish","hentry"],"_links":{"self":[{"href":"https:\/\/iessa.news\/index.php?rest_route=\/wp\/v2\/pages\/12385","targetHints":{"allow":["GET"]}}],"collection":[{"href":"https:\/\/iessa.news\/index.php?rest_route=\/wp\/v2\/pages"}],"about":[{"href":"https:\/\/iessa.news\/index.php?rest_route=\/wp\/v2\/types\/page"}],"author":[{"embeddable":true,"href":"https:\/\/iessa.news\/index.php?rest_route=\/wp\/v2\/users\/1"}],"replies":[{"embeddable":true,"href":"https:\/\/iessa.news\/index.php?rest_route=%2Fwp%2Fv2%2Fcomments&post=12385"}],"version-history":[{"count":2,"href":"https:\/\/iessa.news\/index.php?rest_route=\/wp\/v2\/pages\/12385\/revisions"}],"predecessor-version":[{"id":13752,"href":"https:\/\/iessa.news\/index.php?rest_route=\/wp\/v2\/pages\/12385\/revisions\/13752"}],"wp:attachment":[{"href":"https:\/\/iessa.news\/index.php?rest_route=%2Fwp%2Fv2%2Fmedia&parent=12385"}],"curies":[{"name":"wp","href":"https:\/\/api.w.org\/{rel}","templated":true}]}}