{"id":12256,"date":"2016-01-20T13:58:53","date_gmt":"2016-01-20T12:58:53","guid":{"rendered":"https:\/\/iessa.news\/?page_id=12256"},"modified":"2020-06-16T11:37:08","modified_gmt":"2020-06-16T09:37:08","slug":"marseille","status":"publish","type":"page","link":"https:\/\/iessa.news\/?page_id=12256","title":{"rendered":"Marseille"},"content":{"rendered":"<div class=\"fusion-fullwidth fullwidth-box fusion-builder-row-1 hundred-percent-fullwidth non-hundred-percent-height-scrolling\" style=\"--awb-border-radius-top-left:0px;--awb-border-radius-top-right:0px;--awb-border-radius-bottom-right:0px;--awb-border-radius-bottom-left:0px;--awb-overflow:visible;--awb-flex-wrap:wrap;\" ><div class=\"fusion-builder-row fusion-row\"><div class=\"fusion-layout-column fusion_builder_column fusion-builder-column-0 fusion_builder_column_1_1 1_1 fusion-one-full fusion-column-first fusion-column-last fusion-column-no-min-height\" style=\"--awb-bg-size:cover;--awb-margin-bottom:0px;\"><div class=\"fusion-column-wrapper fusion-flex-column-wrapper-legacy\"><div class=\"fusion-text fusion-text-1\"><h1>Section locale Marseille<\/h1>\n<\/div><div class=\"fusion-clearfix\"><\/div><\/div><\/div><div class=\"fusion-layout-column fusion_builder_column fusion-builder-column-1 fusion_builder_column_1_1 1_1 fusion-one-full fusion-column-first fusion-column-last fusion-column-no-min-height\" style=\"--awb-bg-size:cover;--awb-margin-bottom:0px;\"><div class=\"fusion-column-wrapper fusion-flex-column-wrapper-legacy\"><div class=\"fusion-blog-shortcode fusion-blog-shortcode-1 fusion-blog-archive fusion-blog-layout-timeline-wrapper fusion-blog-pagination\"><div class=\"fusion-posts-container fusion-posts-container-pagination fusion-blog-rollover\" data-pages=\"1\"><div class=\"fusion-timeline-icon\"><i class=\"awb-icon-bubbles\" style=\"color:#d2d2d2;\" aria-hidden=\"true\"><\/i><\/div><div class=\"fusion-blog-layout-timeline fusion-clearfix\"><div class=\"fusion-timeline-line\" style=\"border-left:1px solid #d2d2d2;border-right:1px solid #d2d2d2;\"><\/div><h3 class=\"fusion-timeline-date\" style=\"background-color:#d2d2d2;\">janvier 2021<\/h3><div class=\"fusion-collapse-month\"><article id=\"blog-1-post-13921\" style=\"border-color:#d2d2d2;\" class=\"fusion-post-timeline fusion-clearfix fusion-left-column post-13921 post type-post status-publish format-standard has-post-thumbnail hentry category-marseille tag-alerte-sociale tag-iessa\">\n<div class=\"fusion-post-wrapper\" style=\"background-color:rgba(255,255,255,0);\">\n\n\t\t\t<div class=\"fusion-flexslider flexslider fusion-flexslider-loading fusion-post-slideshow\" style=\"border-color:#d2d2d2;\">\n\t\t<ul class=\"slides\">\n\t\t\t\n\t\t\t\t\t\t\t\t\t\t\t\t\t\t<li><div  class=\"fusion-image-wrapper\" aria-haspopup=\"true\">\n\t\t\t\t<img decoding=\"async\" width=\"1810\" height=\"2560\" src=\"https:\/\/iessa.news\/wp-content\/uploads\/2021\/01\/2021-01-14_Alerte_sociale-1-scaled.jpg\" class=\"attachment-full size-full wp-post-image\" alt=\"\" srcset=\"https:\/\/iessa.news\/wp-content\/uploads\/2021\/01\/2021-01-14_Alerte_sociale-1-200x283.jpg 200w, https:\/\/iessa.news\/wp-content\/uploads\/2021\/01\/2021-01-14_Alerte_sociale-1-400x566.jpg 400w, https:\/\/iessa.news\/wp-content\/uploads\/2021\/01\/2021-01-14_Alerte_sociale-1-600x848.jpg 600w, https:\/\/iessa.news\/wp-content\/uploads\/2021\/01\/2021-01-14_Alerte_sociale-1-800x1131.jpg 800w, https:\/\/iessa.news\/wp-content\/uploads\/2021\/01\/2021-01-14_Alerte_sociale-1-1200x1697.jpg 1200w, https:\/\/iessa.news\/wp-content\/uploads\/2021\/01\/2021-01-14_Alerte_sociale-1-scaled.jpg 1810w\" sizes=\"(max-width: 900px) 100vw, 40vw\" \/><div class=\"fusion-rollover\">\n\t<div class=\"fusion-rollover-content\">\n\n\t\t\t\t\t\t\t\t\t\t\t\t\t\t<a class=\"fusion-rollover-link\" href=\"https:\/\/iessa.news\/?p=13921\">Alerte sociale \u00e0 Marseille<\/a>\n\t\t\t\n\t\t\t\t\t\t\t\t\t\t\t\t\t\t\n\t\t\t\t\t\t\t\t\n\t\t\t\t\t\t\t\t\t\t\t\t\t<div class=\"fusion-rollover-sep\"><\/div>\n\t\t\t\t\n\t\t\t\t\t\t\t\t\t\t\t\t\t\t\t\t\t\t<a class=\"fusion-rollover-gallery\" href=\"https:\/\/iessa.news\/wp-content\/uploads\/2021\/01\/2021-01-14_Alerte_sociale-1-scaled.jpg\" data-options=\"\" data-id=\"13921\" data-rel=\"iLightbox[gallery]\" data-title=\"2021-01-14_Alerte_sociale\" data-caption=\"\">\n\t\t\t\t\t\tGalerie\t\t\t\t\t<\/a>\n\t\t\t\t\t\t\t\t\t\t\t\t\t\t\n\t\t\n\t\t\t\t\t\t\t\t\t\t\t\t<h4 class=\"fusion-rollover-title\">\n\t\t\t\t\t<a class=\"fusion-rollover-title-link\" href=\"https:\/\/iessa.news\/?p=13921\">\n\t\t\t\t\t\tAlerte sociale \u00e0 Marseille\t\t\t\t\t<\/a>\n\t\t\t\t<\/h4>\n\t\t\t\n\t\t\t\t\t\t\t\t\t\t<div class=\"fusion-rollover-categories\"><a href=\"https:\/\/iessa.news\/?cat=102\" rel=\"tag\">Marseille<\/a><\/div>\t\t\t\t\t\n\t\t\n\t\t\t\t\t\t<a class=\"fusion-link-wrapper\" href=\"https:\/\/iessa.news\/?p=13921\" aria-label=\"Alerte sociale \u00e0 Marseille\"><\/a>\n\t<\/div>\n<\/div>\n<\/div>\n<\/li>\n\t\t\t\n\t\t\t\n\t\t\t\t\t\t\t\t\t\t\t\t\t\t\t\t\t\t\t\t\t\t\t\t\t\t\t\t\t\t\t\t\t\t\t\t\t\t\t\t\t\t\t\t\t\t\t\t\t\t\t\t\t\t\t\t\t\t\t\t\t\t\t\t\t\t\t\t<\/ul>\n\t<\/div>\n\t<div class=\"fusion-post-content-wrapper\" style=\"padding:30px 25px 25px 25px;\"><div class=\"fusion-post-content post-content\"><div class=\"fusion-timeline-circle\" style=\"background-color:#d2d2d2;\"><\/div><div class=\"fusion-timeline-arrow\" style=\"color:#d2d2d2;\"><\/div><h2 class=\"blog-shortcode-post-title entry-title\"><a href=\"https:\/\/iessa.news\/?p=13921\">Alerte sociale \u00e0 Marseille<\/a><\/h2><p class=\"fusion-single-line-meta\"><span class=\"vcard\" style=\"display: none;\"><span class=\"fn\"><a href=\"https:\/\/iessa.news\/?author=1\" title=\"Articles par admin\" rel=\"author\">admin<\/a><\/span><\/span><span class=\"updated\" style=\"display:none;\">2021-01-20T11:26:08+02:00<\/span><span>janvier 14th, 2021<\/span><span class=\"fusion-inline-sep\">|<\/span><\/p><div class=\"fusion-content-sep sep-double sep-solid\"><\/div><div class=\"fusion-post-content-container\"><p> <\/p><\/div><\/div><\/div><div class=\"fusion-clearfix\"><\/div><\/div>\n<\/article>\n<\/div><h3 class=\"fusion-timeline-date\" style=\"background-color:#d2d2d2;\">septembre 2015<\/h3><div class=\"fusion-collapse-month\"><article id=\"blog-1-post-12251\" style=\"border-color:#d2d2d2;\" class=\"fusion-post-timeline fusion-clearfix fusion-right-column post-12251 post type-post status-publish format-standard hentry category-marseille tag-iessa\">\n<div class=\"fusion-post-wrapper\" style=\"background-color:rgba(255,255,255,0);\">\n\n<div class=\"fusion-post-content-wrapper\" style=\"padding:30px 25px 25px 25px;\"><div class=\"fusion-post-content post-content\"><div class=\"fusion-timeline-circle\" style=\"background-color:#d2d2d2;\"><\/div><div class=\"fusion-timeline-arrow\" style=\"color:#d2d2d2;\"><\/div><h2 class=\"blog-shortcode-post-title entry-title\"><a href=\"https:\/\/iessa.news\/?p=12251\">Assembl\u00e9e G\u00e9n\u00e9rale Service Technique Marseille mardi 22 septembre 2015<\/a><\/h2><p class=\"fusion-single-line-meta\"><span class=\"vcard\" style=\"display: none;\"><span class=\"fn\"><a href=\"https:\/\/iessa.news\/?author=1\" title=\"Articles par admin\" rel=\"author\">admin<\/a><\/span><\/span><span class=\"updated\" style=\"display:none;\">2017-10-18T08:45:03+02:00<\/span><span>septembre 22nd, 2015<\/span><span class=\"fusion-inline-sep\">|<\/span><\/p><div class=\"fusion-content-sep sep-double sep-solid\"><\/div><div class=\"fusion-post-content-container\"><p>  Les IESSA de Marseille r\u00e9unis en Assembl\u00e9e G\u00e9n\u00e9rale constatent que, \u00e0 ce jour, l\u2019administration n\u2019a toujours pas donn\u00e9 de r\u00e9ponses concr\u00e8tes \u00e0 nos revendications :<\/p><\/div><\/div><\/div><div class=\"fusion-clearfix\"><\/div><\/div>\n<\/article>\n<\/div><\/div><\/div><\/div><div class=\"fusion-clearfix\"><\/div><\/div><\/div><\/div><\/div>\n","protected":false},"excerpt":{"rendered":"","protected":false},"author":1,"featured_media":0,"parent":0,"menu_order":0,"comment_status":"closed","ping_status":"closed","template":"","meta":{"footnotes":""},"class_list":["post-12256","page","type-page","status-publish","hentry"],"_links":{"self":[{"href":"https:\/\/iessa.news\/index.php?rest_route=\/wp\/v2\/pages\/12256","targetHints":{"allow":["GET"]}}],"collection":[{"href":"https:\/\/iessa.news\/index.php?rest_route=\/wp\/v2\/pages"}],"about":[{"href":"https:\/\/iessa.news\/index.php?rest_route=\/wp\/v2\/types\/page"}],"author":[{"embeddable":true,"href":"https:\/\/iessa.news\/index.php?rest_route=\/wp\/v2\/users\/1"}],"replies":[{"embeddable":true,"href":"https:\/\/iessa.news\/index.php?rest_route=%2Fwp%2Fv2%2Fcomments&post=12256"}],"version-history":[{"count":2,"href":"https:\/\/iessa.news\/index.php?rest_route=\/wp\/v2\/pages\/12256\/revisions"}],"predecessor-version":[{"id":13755,"href":"https:\/\/iessa.news\/index.php?rest_route=\/wp\/v2\/pages\/12256\/revisions\/13755"}],"wp:attachment":[{"href":"https:\/\/iessa.news\/index.php?rest_route=%2Fwp%2Fv2%2Fmedia&parent=12256"}],"curies":[{"name":"wp","href":"https:\/\/api.w.org\/{rel}","templated":true}]}}