{"id":12129,"date":"2016-01-04T14:10:29","date_gmt":"2016-01-04T13:10:29","guid":{"rendered":"http:\/\/37.187.136.167\/wordpress\/?page_id=12129"},"modified":"2020-06-16T11:37:12","modified_gmt":"2020-06-16T09:37:12","slug":"sections-locales-2","status":"publish","type":"page","link":"https:\/\/iessa.news\/?page_id=12129","title":{"rendered":"Sections locales"},"content":{"rendered":"<div class=\"fusion-fullwidth fullwidth-box fusion-builder-row-1 hundred-percent-fullwidth non-hundred-percent-height-scrolling\" style=\"--awb-border-radius-top-left:0px;--awb-border-radius-top-right:0px;--awb-border-radius-bottom-right:0px;--awb-border-radius-bottom-left:0px;--awb-overflow:visible;--awb-flex-wrap:wrap;\" ><div class=\"fusion-builder-row fusion-row\"><div class=\"fusion-layout-column fusion_builder_column fusion-builder-column-0 fusion_builder_column_1_1 1_1 fusion-one-full fusion-column-first fusion-column-last fusion-column-no-min-height\" style=\"--awb-bg-size:cover;--awb-margin-bottom:0px;\"><div class=\"fusion-column-wrapper fusion-flex-column-wrapper-legacy\"><div class=\"fusion-blog-shortcode fusion-blog-shortcode-1 fusion-blog-archive fusion-blog-layout-timeline-wrapper fusion-blog-pagination fusion-blog-no-images\"><div class=\"fusion-posts-container fusion-posts-container-pagination\" data-pages=\"27\"><div class=\"fusion-timeline-icon\"><i class=\"awb-icon-bubbles\" style=\"color:#d2d2d2;\" aria-hidden=\"true\"><\/i><\/div><div class=\"fusion-blog-layout-timeline fusion-clearfix\"><div class=\"fusion-timeline-line\" style=\"border-left:1px solid #d2d2d2;border-right:1px solid #d2d2d2;\"><\/div><h3 class=\"fusion-timeline-date\" style=\"background-color:#d2d2d2;\">septembre 2025<\/h3><div class=\"fusion-collapse-month\"><article id=\"blog-1-post-14777\" style=\"border-color:#d2d2d2;\" class=\"fusion-post-timeline fusion-clearfix fusion-left-column post-14777 post type-post status-publish format-standard has-post-thumbnail hentry category-menu category-roissy tag-iessa\">\n<div class=\"fusion-post-wrapper\" style=\"background-color:rgba(255,255,255,0);\"><div class=\"fusion-post-content-wrapper\" style=\"padding:30px 25px 25px 25px;\"><div class=\"fusion-post-content post-content\"><div class=\"fusion-timeline-circle\" style=\"background-color:#d2d2d2;\"><\/div><div class=\"fusion-timeline-arrow\" style=\"color:#d2d2d2;\"><\/div><h2 class=\"blog-shortcode-post-title entry-title\"><a href=\"https:\/\/iessa.news\/?p=14777\">Time to CH\u00c8QUE-OUT<\/a><\/h2><p class=\"fusion-single-line-meta\"><span class=\"vcard\" style=\"display: none;\"><span class=\"fn\"><a href=\"https:\/\/iessa.news\/?author=1\" title=\"Articles par admin\" rel=\"author\">admin<\/a><\/span><\/span><span class=\"updated\" style=\"display:none;\">2025-09-15T10:18:31+02:00<\/span><span>septembre 15th, 2025<\/span><span class=\"fusion-inline-sep\">|<\/span><a href=\"https:\/\/iessa.news\/?cat=7\" rel=\"category\">Menu<\/a>, <a href=\"https:\/\/iessa.news\/?cat=19\" rel=\"category\">Roissy<\/a><span class=\"fusion-inline-sep\">|<\/span><\/p><div class=\"fusion-content-sep sep-double sep-solid\"><\/div><div class=\"fusion-post-content-container\"><p> <\/p><\/div><\/div><\/div><div class=\"fusion-clearfix\"><\/div><\/div>\n<\/article>\n<article id=\"blog-1-post-14774\" style=\"border-color:#d2d2d2;\" class=\"fusion-post-timeline fusion-clearfix fusion-right-column post-14774 post type-post status-publish format-standard has-post-thumbnail hentry category-menu tag-cap tag-iessa\">\n<div class=\"fusion-post-wrapper\" style=\"background-color:rgba(255,255,255,0);\"><div class=\"fusion-post-content-wrapper\" style=\"padding:30px 25px 25px 25px;\"><div class=\"fusion-post-content post-content\"><div class=\"fusion-timeline-circle\" style=\"background-color:#d2d2d2;\"><\/div><div class=\"fusion-timeline-arrow\" style=\"color:#d2d2d2;\"><\/div><h2 class=\"blog-shortcode-post-title entry-title\"><a href=\"https:\/\/iessa.news\/?p=14774\">AVE FIDELO \u00e9t\u00e9 2025<\/a><\/h2><p class=\"fusion-single-line-meta\"><span class=\"vcard\" style=\"display: none;\"><span class=\"fn\"><a href=\"https:\/\/iessa.news\/?author=1\" title=\"Articles par admin\" rel=\"author\">admin<\/a><\/span><\/span><span class=\"updated\" style=\"display:none;\">2025-11-20T16:44:00+02:00<\/span><span>septembre 10th, 2025<\/span><span class=\"fusion-inline-sep\">|<\/span><a href=\"https:\/\/iessa.news\/?cat=7\" rel=\"category\">Menu<\/a><span class=\"fusion-inline-sep\">|<\/span><\/p><div class=\"fusion-content-sep sep-double sep-solid\"><\/div><div class=\"fusion-post-content-container\"><p> <\/p><\/div><\/div><\/div><div class=\"fusion-clearfix\"><\/div><\/div>\n<\/article>\n<\/div><h3 class=\"fusion-timeline-date\" style=\"background-color:#d2d2d2;\">mai 2025<\/h3><div class=\"fusion-collapse-month\"><article id=\"blog-1-post-14743\" style=\"border-color:#d2d2d2;\" class=\"fusion-post-timeline fusion-clearfix fusion-left-column post-14743 post type-post status-publish format-standard has-post-thumbnail hentry category-dti tag-iessa\">\n<div class=\"fusion-post-wrapper\" style=\"background-color:rgba(255,255,255,0);\"><div class=\"fusion-post-content-wrapper\" style=\"padding:30px 25px 25px 25px;\"><div class=\"fusion-post-content post-content\"><div class=\"fusion-timeline-circle\" style=\"background-color:#d2d2d2;\"><\/div><div class=\"fusion-timeline-arrow\" style=\"color:#d2d2d2;\"><\/div><h2 class=\"blog-shortcode-post-title entry-title\"><a href=\"https:\/\/iessa.news\/?p=14743\">CDF : Consternation D\u00e9saveu Fake-news<\/a><\/h2><p class=\"fusion-single-line-meta\"><span class=\"vcard\" style=\"display: none;\"><span class=\"fn\"><a href=\"https:\/\/iessa.news\/?author=1\" title=\"Articles par admin\" rel=\"author\">admin<\/a><\/span><\/span><span class=\"updated\" style=\"display:none;\">2025-06-12T14:03:50+02:00<\/span><span>mai 23rd, 2025<\/span><span class=\"fusion-inline-sep\">|<\/span><a href=\"https:\/\/iessa.news\/?cat=125\" rel=\"category\">DTI<\/a><span class=\"fusion-inline-sep\">|<\/span><\/p><div class=\"fusion-content-sep sep-double sep-solid\"><\/div><div class=\"fusion-post-content-container\"><p> <\/p><\/div><\/div><\/div><div class=\"fusion-clearfix\"><\/div><\/div>\n<\/article>\n<article id=\"blog-1-post-14729\" style=\"border-color:#d2d2d2;\" class=\"fusion-post-timeline fusion-clearfix fusion-right-column post-14729 post type-post status-publish format-standard has-post-thumbnail hentry category-crnao tag-iessa\">\n<div class=\"fusion-post-wrapper\" style=\"background-color:rgba(255,255,255,0);\"><div class=\"fusion-post-content-wrapper\" style=\"padding:30px 25px 25px 25px;\"><div class=\"fusion-post-content post-content\"><div class=\"fusion-timeline-circle\" style=\"background-color:#d2d2d2;\"><\/div><div class=\"fusion-timeline-arrow\" style=\"color:#d2d2d2;\"><\/div><h2 class=\"blog-shortcode-post-title entry-title\"><a href=\"https:\/\/iessa.news\/?p=14729\">Un air de Trumpiste souffle \u00e0 la DSNA<\/a><\/h2><p class=\"fusion-single-line-meta\"><span class=\"vcard\" style=\"display: none;\"><span class=\"fn\"><a href=\"https:\/\/iessa.news\/?author=1\" title=\"Articles par admin\" rel=\"author\">admin<\/a><\/span><\/span><span class=\"updated\" style=\"display:none;\">2025-05-22T13:06:05+02:00<\/span><span>mai 16th, 2025<\/span><span class=\"fusion-inline-sep\">|<\/span><a href=\"https:\/\/iessa.news\/?cat=16\" rel=\"category\">CRNA\/O<\/a><span class=\"fusion-inline-sep\">|<\/span><\/p><div class=\"fusion-content-sep sep-double sep-solid\"><\/div><div class=\"fusion-post-content-container\"><p> <\/p><\/div><\/div><\/div><div class=\"fusion-clearfix\"><\/div><\/div>\n<\/article>\n<article id=\"blog-1-post-14733\" style=\"border-color:#d2d2d2;\" class=\"fusion-post-timeline fusion-clearfix fusion-left-column post-14733 post type-post status-publish format-standard has-post-thumbnail hentry category-crnae tag-iessa\">\n<div class=\"fusion-post-wrapper\" style=\"background-color:rgba(255,255,255,0);\"><div class=\"fusion-post-content-wrapper\" style=\"padding:30px 25px 25px 25px;\"><div class=\"fusion-post-content post-content\"><div class=\"fusion-timeline-circle\" style=\"background-color:#d2d2d2;\"><\/div><div class=\"fusion-timeline-arrow\" style=\"color:#d2d2d2;\"><\/div><h2 class=\"blog-shortcode-post-title entry-title\"><a href=\"https:\/\/iessa.news\/?p=14733\">Arr\u00eat\u00e9 de la motivation de la fili\u00e8re technique<\/a><\/h2><p class=\"fusion-single-line-meta\"><span class=\"vcard\" style=\"display: none;\"><span class=\"fn\"><a href=\"https:\/\/iessa.news\/?author=1\" title=\"Articles par admin\" rel=\"author\">admin<\/a><\/span><\/span><span class=\"updated\" style=\"display:none;\">2025-05-22T13:09:53+02:00<\/span><span>mai 15th, 2025<\/span><span class=\"fusion-inline-sep\">|<\/span><a href=\"https:\/\/iessa.news\/?cat=12\" rel=\"category\">CRNA\/E<\/a><span class=\"fusion-inline-sep\">|<\/span><\/p><div class=\"fusion-content-sep sep-double sep-solid\"><\/div><div class=\"fusion-post-content-container\"><p> <\/p><\/div><\/div><\/div><div class=\"fusion-clearfix\"><\/div><\/div>\n<\/article>\n<article id=\"blog-1-post-14723\" style=\"border-color:#d2d2d2;\" class=\"fusion-post-timeline fusion-clearfix fusion-right-column post-14723 post type-post status-publish format-standard has-post-thumbnail hentry category-orly tag-iessa\">\n<div class=\"fusion-post-wrapper\" style=\"background-color:rgba(255,255,255,0);\"><div class=\"fusion-post-content-wrapper\" style=\"padding:30px 25px 25px 25px;\"><div class=\"fusion-post-content post-content\"><div class=\"fusion-timeline-circle\" style=\"background-color:#d2d2d2;\"><\/div><div class=\"fusion-timeline-arrow\" style=\"color:#d2d2d2;\"><\/div><h2 class=\"blog-shortcode-post-title entry-title\"><a href=\"https:\/\/iessa.news\/?p=14723\">Schr\u00f6dinger<\/a><\/h2><p class=\"fusion-single-line-meta\"><span class=\"vcard\" style=\"display: none;\"><span class=\"fn\"><a href=\"https:\/\/iessa.news\/?author=1\" title=\"Articles par admin\" rel=\"author\">admin<\/a><\/span><\/span><span class=\"updated\" style=\"display:none;\">2025-05-22T13:02:28+02:00<\/span><span>mai 15th, 2025<\/span><span class=\"fusion-inline-sep\">|<\/span><a href=\"https:\/\/iessa.news\/?cat=148\" rel=\"category\">Orly<\/a><span class=\"fusion-inline-sep\">|<\/span><\/p><div class=\"fusion-content-sep sep-double sep-solid\"><\/div><div class=\"fusion-post-content-container\"><p> <\/p><\/div><\/div><\/div><div class=\"fusion-clearfix\"><\/div><\/div>\n<\/article>\n<\/div><\/div><\/div><div class=\"pagination clearfix\"><span class=\"current\">1<\/span><a href=\"https:\/\/iessa.news\/wordpress\/index.phpndex.php?rest_route=%2Fwp%2Fv2%2Fpages%2F12129&#038;paged=2\" class=\"inactive\">2<\/a><a class=\"pagination-next\" rel=\"next\" href=\"https:\/\/iessa.news\/wordpress\/index.phpndex.php?rest_route=%2Fwp%2Fv2%2Fpages%2F12129&#038;paged=2\"><span class=\"page-text\">Suivant<\/span><span class=\"page-next\"><\/span><\/a><\/div><div class=\"fusion-clearfix\"><\/div><\/div><div class=\"fusion-clearfix\"><\/div><\/div><\/div><\/div><\/div>\n","protected":false},"excerpt":{"rendered":"","protected":false},"author":1,"featured_media":0,"parent":0,"menu_order":0,"comment_status":"closed","ping_status":"closed","template":"","meta":{"footnotes":""},"class_list":["post-12129","page","type-page","status-publish","hentry"],"_links":{"self":[{"href":"https:\/\/iessa.news\/index.php?rest_route=\/wp\/v2\/pages\/12129","targetHints":{"allow":["GET"]}}],"collection":[{"href":"https:\/\/iessa.news\/index.php?rest_route=\/wp\/v2\/pages"}],"about":[{"href":"https:\/\/iessa.news\/index.php?rest_route=\/wp\/v2\/types\/page"}],"author":[{"embeddable":true,"href":"https:\/\/iessa.news\/index.php?rest_route=\/wp\/v2\/users\/1"}],"replies":[{"embeddable":true,"href":"https:\/\/iessa.news\/index.php?rest_route=%2Fwp%2Fv2%2Fcomments&post=12129"}],"version-history":[{"count":5,"href":"https:\/\/iessa.news\/index.php?rest_route=\/wp\/v2\/pages\/12129\/revisions"}],"predecessor-version":[{"id":13761,"href":"https:\/\/iessa.news\/index.php?rest_route=\/wp\/v2\/pages\/12129\/revisions\/13761"}],"wp:attachment":[{"href":"https:\/\/iessa.news\/index.php?rest_route=%2Fwp%2Fv2%2Fmedia&parent=12129"}],"curies":[{"name":"wp","href":"https:\/\/api.w.org\/{rel}","templated":true}]}}