{"id":12124,"date":"2016-01-04T14:06:27","date_gmt":"2016-01-04T13:06:27","guid":{"rendered":"http:\/\/37.187.136.167\/wordpress\/?page_id=12124"},"modified":"2024-06-06T14:13:26","modified_gmt":"2024-06-06T12:13:26","slug":"bilan-compte-de-resultat","status":"publish","type":"page","link":"https:\/\/iessa.news\/?page_id=12124","title":{"rendered":"Bilan &#038; compte de r\u00e9sultat"},"content":{"rendered":"<h1>Bilan et compte de r\u00e9sultat 2023<\/h1>\n\n\t\t<div class=\"wppdfemb-frame-container-1\" style=\"-webkit-overflow-scrolling:auto;\">\n\t\t\t<iframe class=\"pdfembed-iframe nonfullscreen wppdf-emb-iframe-1\"\n\t\t\t\tsrc=\"https:\/\/iessa.news\/?pdfemb-data=eyJ1cmwiOiJodHRwczpcL1wvaWVzc2EubmV3c1wvd3AtY29udGVudFwvdXBsb2Fkc1wvMjAyNFwvMDZcL0JpbGFuLWNvbXB0YWJsZS1TeW5kaWNhdC0yMDIzLnBkZiIsInRpdGxlIjoiQmlsYW4gY29tcHRhYmxlIFN5bmRpY2F0IDIwMjMiLCJpbmRleCI6MSwicGRmSUQiOjE0NjAxfQ\"\n\t\t\t\ttitle=\"Bilan comptable Syndicat 2023\"\t\t\t\tdata-pdf-id=\"14601\"\n\t\t\t\tdata-pdf-index=\"1\"\n\t\t\t\tstyle=\"border:none;width:100%;max-width:100%;height:100vh;\"\n\t\t\t\tscrolling=\"yes\">\n\t\t\t<\/iframe>\n\t\t<\/div>\n\n\t\t\n<h1>Bilan et compte de r\u00e9sultat 2022<\/h1>\n\n\t\t<div class=\"wppdfemb-frame-container-2\" style=\"-webkit-overflow-scrolling:auto;\">\n\t\t\t<iframe class=\"pdfembed-iframe nonfullscreen wppdf-emb-iframe-2\"\n\t\t\t\tsrc=\"https:\/\/iessa.news\/?pdfemb-data=eyJ1cmwiOiJodHRwczpcL1wvaWVzc2EubmV3c1wvd3AtY29udGVudFwvdXBsb2Fkc1wvMjAyNFwvMDZcL0JpbGFuLWZpbmFuY2llci0yMDIyLnBkZiIsInRpdGxlIjoiQmlsYW4gZmluYW5jaWVyIDIwMjIiLCJpbmRleCI6MiwicGRmSUQiOjE0NTk5fQ\"\n\t\t\t\ttitle=\"Bilan financier 2022\"\t\t\t\tdata-pdf-id=\"14599\"\n\t\t\t\tdata-pdf-index=\"2\"\n\t\t\t\tstyle=\"border:none;width:100%;max-width:100%;height:100vh;\"\n\t\t\t\tscrolling=\"yes\">\n\t\t\t<\/iframe>\n\t\t<\/div>\n\n\t\t\n<h1>Bilan et compte de r\u00e9sultat 2021<\/h1>\n\n\t\t<div class=\"wppdfemb-frame-container-3\" style=\"-webkit-overflow-scrolling:auto;\">\n\t\t\t<iframe class=\"pdfembed-iframe nonfullscreen wppdf-emb-iframe-3\"\n\t\t\t\tsrc=\"https:\/\/iessa.news\/?pdfemb-data=eyJ1cmwiOiJodHRwczpcL1wvaWVzc2EubmV3c1wvd3AtY29udGVudFwvdXBsb2Fkc1wvMjAyNFwvMDZcL2JpbGFuLTIwMjEtdjIucGRmIiwidGl0bGUiOiJiaWxhbiAyMDIxIHYyIiwiaW5kZXgiOjMsInBkZklEIjoxNDU5OH0\"\n\t\t\t\ttitle=\"bilan 2021 v2\"\t\t\t\tdata-pdf-id=\"14598\"\n\t\t\t\tdata-pdf-index=\"3\"\n\t\t\t\tstyle=\"border:none;width:100%;max-width:100%;height:100vh;\"\n\t\t\t\tscrolling=\"yes\">\n\t\t\t<\/iframe>\n\t\t<\/div>\n\n\t\t\n<h1>Bilan et compte de r\u00e9sultat 2020<\/h1>\n\n\t\t<div class=\"wppdfemb-frame-container-4\" style=\"-webkit-overflow-scrolling:auto;\">\n\t\t\t<iframe class=\"pdfembed-iframe nonfullscreen wppdf-emb-iframe-4\"\n\t\t\t\tsrc=\"https:\/\/iessa.news\/?pdfemb-data=eyJ1cmwiOiJodHRwczpcL1wvaWVzc2EubmV3c1wvd3AtY29udGVudFwvdXBsb2Fkc1wvMjAyMlwvMTJcL0JpbGFuLUZpbmFuY2llci0yMDIwLnBkZiIsInRpdGxlIjoiQmlsYW4gRmluYW5jaWVyIDIwMjAiLCJpbmRleCI6NCwicGRmSUQiOjE0MzYyfQ\"\n\t\t\t\ttitle=\"Bilan Financier 2020\"\t\t\t\tdata-pdf-id=\"14362\"\n\t\t\t\tdata-pdf-index=\"4\"\n\t\t\t\tstyle=\"border:none;width:100%;max-width:100%;height:100vh;\"\n\t\t\t\tscrolling=\"yes\">\n\t\t\t<\/iframe>\n\t\t<\/div>\n\n\t\t\n<h1>Bilan et compte de r\u00e9sultat 2019<\/h1>\n\n\t\t<div class=\"wppdfemb-frame-container-5\" style=\"-webkit-overflow-scrolling:auto;\">\n\t\t\t<iframe class=\"pdfembed-iframe nonfullscreen wppdf-emb-iframe-5\"\n\t\t\t\tsrc=\"https:\/\/iessa.news\/?pdfemb-data=eyJ1cmwiOiJodHRwczpcL1wvaWVzc2EubmV3c1wvd3AtY29udGVudFwvdXBsb2Fkc1wvMjAyMVwvMDJcL0JpbGFuLTIwMTkucGRmIiwidGl0bGUiOiJCaWxhbiAyMDE5IiwiaW5kZXgiOjUsInBkZklEIjoxMzkzN30\"\n\t\t\t\ttitle=\"Bilan 2019\"\t\t\t\tdata-pdf-id=\"13937\"\n\t\t\t\tdata-pdf-index=\"5\"\n\t\t\t\tstyle=\"border:none;width:100%;max-width:100%;height:100vh;\"\n\t\t\t\tscrolling=\"yes\">\n\t\t\t<\/iframe>\n\t\t<\/div>\n\n\t\t\n<h1>Bilan et compte de r\u00e9sultat 2018<\/h1>\n\n\t\t<div class=\"wppdfemb-frame-container-6\" style=\"-webkit-overflow-scrolling:auto;\">\n\t\t\t<iframe class=\"pdfembed-iframe nonfullscreen wppdf-emb-iframe-6\"\n\t\t\t\tsrc=\"https:\/\/iessa.news\/?pdfemb-data=eyJ1cmwiOiJodHRwczpcL1wvaWVzc2EubmV3c1wvd3AtY29udGVudFwvdXBsb2Fkc1wvMjAyMVwvMDJcL2JpbGFuLTIwMTgucGRmIiwidGl0bGUiOiJiaWxhbiAyMDE4IiwiaW5kZXgiOjYsInBkZklEIjoxMzkzNn0\"\n\t\t\t\ttitle=\"bilan 2018\"\t\t\t\tdata-pdf-id=\"13936\"\n\t\t\t\tdata-pdf-index=\"6\"\n\t\t\t\tstyle=\"border:none;width:100%;max-width:100%;height:100vh;\"\n\t\t\t\tscrolling=\"yes\">\n\t\t\t<\/iframe>\n\t\t<\/div>\n\n\t\t\n<h1>Bilan et compte de r\u00e9sultat 2017<\/h1>\n<div class=\"fusion-fullwidth fullwidth-box fusion-builder-row-1 hundred-percent-fullwidth non-hundred-percent-height-scrolling\" style=\"--awb-border-radius-top-left:0px;--awb-border-radius-top-right:0px;--awb-border-radius-bottom-right:0px;--awb-border-radius-bottom-left:0px;--awb-overflow:visible;--awb-flex-wrap:wrap;\" ><div class=\"fusion-builder-row fusion-row\"><div class=\"fusion-layout-column fusion_builder_column fusion-builder-column-0 fusion_builder_column_1_1 1_1 fusion-one-full fusion-column-first fusion-column-last fusion-column-no-min-height\" style=\"--awb-bg-size:cover;--awb-margin-bottom:0px;\"><div class=\"fusion-column-wrapper fusion-flex-column-wrapper-legacy\">\n\t\t<div class=\"wppdfemb-frame-container-7\" style=\"-webkit-overflow-scrolling:auto;\">\n\t\t\t<iframe class=\"pdfembed-iframe nonfullscreen wppdf-emb-iframe-7\"\n\t\t\t\tsrc=\"https:\/\/iessa.news\/?pdfemb-data=eyJ1cmwiOiJodHRwczpcL1wvaWVzc2EubmV3c1wvd3AtY29udGVudFwvdXBsb2Fkc1wvMjAxOFwvMTJcL0JpbGFuLWNvbXB0ZS1kZS1yZXN1bHRhdHMtMjAxNy5wZGYiLCJ0aXRsZSI6IkJpbGFuIGNvbXB0ZSBkZSByZXN1bHRhdHMgMjAxNyIsImluZGV4Ijo3LCJwZGZJRCI6MTMzNjd9\"\n\t\t\t\ttitle=\"Bilan compte de resultats 2017\"\t\t\t\tdata-pdf-id=\"13367\"\n\t\t\t\tdata-pdf-index=\"7\"\n\t\t\t\tstyle=\"border:none;width:100%;max-width:100%;height:100vh;\"\n\t\t\t\tscrolling=\"yes\">\n\t\t\t<\/iframe>\n\t\t<\/div>\n\n\t\t\n<h1>Bilan et compte de r\u00e9sultat 2016<\/h1>\n\n\t\t<div class=\"wppdfemb-frame-container-8\" style=\"-webkit-overflow-scrolling:auto;\">\n\t\t\t<iframe class=\"pdfembed-iframe nonfullscreen wppdf-emb-iframe-8\"\n\t\t\t\tsrc=\"https:\/\/iessa.news\/?pdfemb-data=eyJ1cmwiOiJodHRwczpcL1wvaWVzc2EubmV3c1wvd3AtY29udGVudFwvdXBsb2Fkc1wvMjAxOFwvMDFcL2JpbGFuLTIwMTYtLnBkZiIsInRpdGxlIjoiYmlsYW4gMjAxNiIsImluZGV4Ijo4LCJwZGZJRCI6MTMwNzF9\"\n\t\t\t\ttitle=\"bilan 2016\"\t\t\t\tdata-pdf-id=\"13071\"\n\t\t\t\tdata-pdf-index=\"8\"\n\t\t\t\tstyle=\"border:none;width:100%;max-width:100%;height:100vh;\"\n\t\t\t\tscrolling=\"yes\">\n\t\t\t<\/iframe>\n\t\t<\/div>\n\n\t\t\n<h1>Bilan 2015<\/h1>\n\n\t\t<div class=\"wppdfemb-frame-container-9\" style=\"-webkit-overflow-scrolling:auto;\">\n\t\t\t<iframe class=\"pdfembed-iframe nonfullscreen wppdf-emb-iframe-9\"\n\t\t\t\tsrc=\"https:\/\/iessa.news\/?pdfemb-data=eyJ1cmwiOiJodHRwczpcL1wvaWVzc2EubmV3c1wvd3AtY29udGVudFwvdXBsb2Fkc1wvMjAxOFwvMDFcL0JpbGFuX1VOU0EtSUVTU0EyMDE1LnBkZiIsInRpdGxlIjoiQmlsYW5fVU5TQSBJRVNTQTIwMTUiLCJpbmRleCI6OSwicGRmSUQiOjEzMDczfQ\"\n\t\t\t\ttitle=\"Bilan_UNSA IESSA2015\"\t\t\t\tdata-pdf-id=\"13073\"\n\t\t\t\tdata-pdf-index=\"9\"\n\t\t\t\tstyle=\"border:none;width:100%;max-width:100%;height:100vh;\"\n\t\t\t\tscrolling=\"yes\">\n\t\t\t<\/iframe>\n\t\t<\/div>\n\n\t\t\n<h1>Compte de r\u00e9sultat 2015<\/h1>\n\n\t\t<div class=\"wppdfemb-frame-container-10\" style=\"-webkit-overflow-scrolling:auto;\">\n\t\t\t<iframe class=\"pdfembed-iframe nonfullscreen wppdf-emb-iframe-10\"\n\t\t\t\tsrc=\"https:\/\/iessa.news\/?pdfemb-data=eyJ1cmwiOiJodHRwczpcL1wvaWVzc2EubmV3c1wvd3AtY29udGVudFwvdXBsb2Fkc1wvMjAxOFwvMDFcL3Jlc3VsdGF0X1VOU0EtSUVTU0EyMDE1LnBkZiIsInRpdGxlIjoicmVzdWx0YXRfVU5TQSBJRVNTQTIwMTUiLCJpbmRleCI6MTAsInBkZklEIjoxMzA3NH0\"\n\t\t\t\ttitle=\"resultat_UNSA IESSA2015\"\t\t\t\tdata-pdf-id=\"13074\"\n\t\t\t\tdata-pdf-index=\"10\"\n\t\t\t\tstyle=\"border:none;width:100%;max-width:100%;height:100vh;\"\n\t\t\t\tscrolling=\"yes\">\n\t\t\t<\/iframe>\n\t\t<\/div>\n\n\t\t\n<h1>Bilan et compte de r\u00e9sultat 2014<\/h1>\n\n\t\t<div class=\"wppdfemb-frame-container-11\" style=\"-webkit-overflow-scrolling:auto;\">\n\t\t\t<iframe class=\"pdfembed-iframe nonfullscreen wppdf-emb-iframe-11\"\n\t\t\t\tsrc=\"https:\/\/iessa.news\/?pdfemb-data=eyJ1cmwiOiJodHRwczpcL1wvaWVzc2EubmV3c1wvd3AtY29udGVudFwvdXBsb2Fkc1wvMjAxNlwvMDFcL2JpbGFuX2ZpbmFsXzIwMTQucGRmIiwiaW5kZXgiOjExLCJwZGZJRCI6MTI2MTJ9\"\n\t\t\t\t\t\t\t\tdata-pdf-id=\"12612\"\n\t\t\t\tdata-pdf-index=\"11\"\n\t\t\t\tstyle=\"border:none;width:100%;max-width:100%;height:100vh;\"\n\t\t\t\tscrolling=\"yes\">\n\t\t\t<\/iframe>\n\t\t<\/div>\n\n\t\t\n<h1>Bilan 2013<\/h1>\n\n\t\t<div class=\"wppdfemb-frame-container-12\" style=\"-webkit-overflow-scrolling:auto;\">\n\t\t\t<iframe class=\"pdfembed-iframe nonfullscreen wppdf-emb-iframe-12\"\n\t\t\t\tsrc=\"https:\/\/iessa.news\/?pdfemb-data=eyJ1cmwiOiJodHRwczpcL1wvaWVzc2EubmV3c1wvd3AtY29udGVudFwvdXBsb2Fkc1wvMjAxNlwvMDFcL2JpbGFuXzIwMTNfcHVibGljLnBkZiIsImluZGV4IjoxMiwicGRmSUQiOjB9\"\n\t\t\t\t\t\t\t\tdata-pdf-id=\"0\"\n\t\t\t\tdata-pdf-index=\"12\"\n\t\t\t\tstyle=\"border:none;width:100%;max-width:100%;height:100vh;\"\n\t\t\t\tscrolling=\"yes\">\n\t\t\t<\/iframe>\n\t\t<\/div>\n\n\t\t\n<h1>Compte de r\u00e9sultat 2013<\/h1>\n\n\t\t<div class=\"wppdfemb-frame-container-13\" style=\"-webkit-overflow-scrolling:auto;\">\n\t\t\t<iframe class=\"pdfembed-iframe nonfullscreen wppdf-emb-iframe-13\"\n\t\t\t\tsrc=\"https:\/\/iessa.news\/?pdfemb-data=eyJ1cmwiOiJodHRwczpcL1wvaWVzc2EubmV3c1wvd3AtY29udGVudFwvdXBsb2Fkc1wvMjAxNlwvMDFcL2NvbXB0ZV9yZXN1bHRhdF8yMDEzX3B1YmxpYy5wZGYiLCJpbmRleCI6MTMsInBkZklEIjowfQ\"\n\t\t\t\t\t\t\t\tdata-pdf-id=\"0\"\n\t\t\t\tdata-pdf-index=\"13\"\n\t\t\t\tstyle=\"border:none;width:100%;max-width:100%;height:100vh;\"\n\t\t\t\tscrolling=\"yes\">\n\t\t\t<\/iframe>\n\t\t<\/div>\n\n\t\t<div class=\"fusion-clearfix\"><\/div><\/div><\/div><\/div><\/div>\n","protected":false},"excerpt":{"rendered":"<p>Bilan et compte de r\u00e9sultat 2023 Bilan et compte de r\u00e9sultat 2022 Bilan et compte de r\u00e9sultat 2021 Bilan et compte de r\u00e9sultat 2020 Bilan et compte de r\u00e9sultat 2019 Bilan et compte de r\u00e9sultat 2018 Bilan et compte de r\u00e9sultat 2017<\/p>\n","protected":false},"author":1,"featured_media":0,"parent":0,"menu_order":0,"comment_status":"closed","ping_status":"closed","template":"","meta":{"footnotes":""},"class_list":["post-12124","page","type-page","status-publish","hentry"],"_links":{"self":[{"href":"https:\/\/iessa.news\/index.php?rest_route=\/wp\/v2\/pages\/12124","targetHints":{"allow":["GET"]}}],"collection":[{"href":"https:\/\/iessa.news\/index.php?rest_route=\/wp\/v2\/pages"}],"about":[{"href":"https:\/\/iessa.news\/index.php?rest_route=\/wp\/v2\/types\/page"}],"author":[{"embeddable":true,"href":"https:\/\/iessa.news\/index.php?rest_route=\/wp\/v2\/users\/1"}],"replies":[{"embeddable":true,"href":"https:\/\/iessa.news\/index.php?rest_route=%2Fwp%2Fv2%2Fcomments&post=12124"}],"version-history":[{"count":12,"href":"https:\/\/iessa.news\/index.php?rest_route=\/wp\/v2\/pages\/12124\/revisions"}],"predecessor-version":[{"id":14602,"href":"https:\/\/iessa.news\/index.php?rest_route=\/wp\/v2\/pages\/12124\/revisions\/14602"}],"wp:attachment":[{"href":"https:\/\/iessa.news\/index.php?rest_route=%2Fwp%2Fv2%2Fmedia&parent=12124"}],"curies":[{"name":"wp","href":"https:\/\/api.w.org\/{rel}","templated":true}]}}